{"id":68,"date":"2020-03-02T16:38:24","date_gmt":"2020-03-02T16:38:24","guid":{"rendered":"https:\/\/server278705.nazwa.pl\/?page_id=68"},"modified":"2024-03-08T15:22:44","modified_gmt":"2024-03-08T14:22:44","slug":"kontakt","status":"publish","type":"page","link":"https:\/\/www.wsd.rzeszow.pl\/?page_id=68","title":{"rendered":"Kontakt"},"content":{"rendered":"\n<p><strong><strong>Rektor<\/strong><\/strong><br><strong>Ks. Adam Kubi\u015b<br><\/strong>ul. Witolda 11A, 35-302 Rzesz\u00f3w<strong><br><\/strong>tel. 17 871 24 30<br>e-mail: rektor@wsd.rzeszow.pl<br> <\/p>\n\n\n\n<p><strong>Instytut Teologiczno-Pastoralny<\/strong><br>ul. Witolda 11A, 35-302 Rzesz\u00f3w<br>tel. 17 871 24 00 (centrala) lub 17 871 24 29 (sekretariat)<br>tax. 17 871 24 36<br>email: seminarium@wsd.rzeszow.pl<br><\/p>\n\n\n\n<p><strong>Dyrektor administarcyjny<\/strong><br><strong>Ks. Bogus\u0142aw Babiarz<\/strong><br>ul. Witolda 11A, 35-302 Rzesz\u00f3w<br>tel. 17 871 24 31 lub 605 953 713<br>email: biuro@wsd.rzeszow.pl<br><\/p>\n\n\n\n<p><strong>Dar dla Wy\u017cszego Seminarium Duchownego<\/strong><br>Nr konta 86 1240 1792 1111 0000 1973 5184<\/p>\n\n\n\n<div style=\"height:100px\" aria-hidden=\"true\" class=\"wp-block-spacer\"><\/div>\n\n\n\n<h2 class=\"wp-block-heading\">Jak dojecha\u0107?<\/h2>\n\n\n\n<iframe loading=\"lazy\" src=\"https:\/\/www.google.com\/maps\/embed?pb=!1m18!1m12!1m3!1d1812.3294193839445!2d22.042319585451096!3d50.029705240167516!2m3!1f0!2f0!3f0!3m2!1i1024!2i768!4f13.1!3m3!1m2!1s0x473cfbce9a16f341%3A0xfc2950933793798f!2sWy%C5%BCsze%20Seminarium%20Duchowne!5e0!3m2!1spl!2spl!4v1583314666184!5m2!1spl!2spl\" style=\"border:0;\" allowfullscreen=\"\" width=\"600\" height=\"450\" frameborder=\"0\"><\/iframe>\n\n\n\n<div style=\"height:100px\" aria-hidden=\"true\" class=\"wp-block-spacer\"><\/div>\n\n\n\n<h2 class=\"wp-block-heading\">Formularz kontaktowy<\/h2>\n\n\n\n\n\n\n\n<div style=\"height:100px\" aria-hidden=\"true\" class=\"wp-block-spacer\"><\/div>\n","protected":false},"excerpt":{"rendered":"<p>RektorKs. Adam Kubi\u015bul. Witolda 11A, 35-302 Rzesz\u00f3wtel. 17 871 24 30e-mail: rektor@wsd.rzeszow.pl Instytut Teologiczno-Pastoralnyul. Witolda 11A, 35-302 Rzesz\u00f3wtel. 17 871 24 00 (centrala) lub 17 871 24 29 (sekretariat)tax. 17 871 24 36email: seminarium@wsd.rzeszow.pl Dyrektor administarcyjnyKs. Bogus\u0142aw Babiarzul. Witolda 11A, 35-302 Rzesz\u00f3wtel. 17 871 24 31 lub 605 953 713email: [&hellip;]<\/p>\n","protected":false},"author":16,"featured_media":199,"parent":0,"menu_order":0,"comment_status":"closed","ping_status":"closed","template":"","meta":{"ngg_post_thumbnail":0,"footnotes":""},"class_list":["post-68","page","type-page","status-publish","has-post-thumbnail","hentry"],"_links":{"self":[{"href":"https:\/\/www.wsd.rzeszow.pl\/index.php?rest_route=\/wp\/v2\/pages\/68","targetHints":{"allow":["GET"]}}],"collection":[{"href":"https:\/\/www.wsd.rzeszow.pl\/index.php?rest_route=\/wp\/v2\/pages"}],"about":[{"href":"https:\/\/www.wsd.rzeszow.pl\/index.php?rest_route=\/wp\/v2\/types\/page"}],"author":[{"embeddable":true,"href":"https:\/\/www.wsd.rzeszow.pl\/index.php?rest_route=\/wp\/v2\/users\/16"}],"replies":[{"embeddable":true,"href":"https:\/\/www.wsd.rzeszow.pl\/index.php?rest_route=%2Fwp%2Fv2%2Fcomments&post=68"}],"version-history":[{"count":15,"href":"https:\/\/www.wsd.rzeszow.pl\/index.php?rest_route=\/wp\/v2\/pages\/68\/revisions"}],"predecessor-version":[{"id":14253,"href":"https:\/\/www.wsd.rzeszow.pl\/index.php?rest_route=\/wp\/v2\/pages\/68\/revisions\/14253"}],"wp:featuredmedia":[{"embeddable":true,"href":"https:\/\/www.wsd.rzeszow.pl\/index.php?rest_route=\/wp\/v2\/media\/199"}],"wp:attachment":[{"href":"https:\/\/www.wsd.rzeszow.pl\/index.php?rest_route=%2Fwp%2Fv2%2Fmedia&parent=68"}],"curies":[{"name":"wp","href":"https:\/\/api.w.org\/{rel}","templated":true}]}}