{"id":62,"date":"2020-03-02T16:33:30","date_gmt":"2020-03-02T16:33:30","guid":{"rendered":"https:\/\/server278705.nazwa.pl\/?page_id=62"},"modified":"2024-03-08T17:42:54","modified_gmt":"2024-03-08T16:42:54","slug":"provocator","status":"publish","type":"page","link":"https:\/\/www.wsd.rzeszow.pl\/?page_id=62","title":{"rendered":"Czasopismo &#8222;Provocator&#8221;"},"content":{"rendered":"\n<p>Czy jeste\u015b szcz\u0119\u015bliwy?&nbsp;<\/p>\n\n\n\n<p>Czy odnalaz\u0142e\u015b rado\u015b\u0107 swojej drogi \u017cyciowej?&nbsp;<\/p>\n\n\n\n<p>Czy zastanawia\u0142e\u015b si\u0119 nad tym, do czego zosta\u0142e\u015b wezwany, powo\u0142any przez Boga?<\/p>\n\n\n\n<p>Dzi\u015b wielu ludzi m\u0142odych szuka w \u015bwiecie swojego szcz\u0119\u015bcia. Pragnie odkry\u0107 i pozna\u0107 w\u0142asne powo\u0142anie, czerpi\u0105c z niego rado\u015b\u0107 na ca\u0142e \u017cycie. Ale co kryje si\u0119 za tym s\u0142owem? Co to w og\u00f3le jest powo\u0142anie?<\/p>\n\n\n\n<figure class=\"wp-block-image size-large\"><a href=\"https:\/\/www.wsd.rzeszow.pl\/?attachment_id=2346\" target=\"_blank\" rel=\"noreferrer noopener\"><img loading=\"lazy\" decoding=\"async\" width=\"300\" height=\"435\" src=\"https:\/\/www.wsd.rzeszow.pl\/wp-content\/uploads\/2021\/04\/provocator2.png\" alt=\"\" class=\"wp-image-2346\" srcset=\"https:\/\/www.wsd.rzeszow.pl\/wp-content\/uploads\/2021\/04\/provocator2.png 300w, https:\/\/www.wsd.rzeszow.pl\/wp-content\/uploads\/2021\/04\/provocator2-207x300.png 207w\" sizes=\"auto, (max-width: 300px) 100vw, 300px\" \/><\/a><\/figure>\n\n\n\n<p>Dlatego Drogi Czytelniku, masz mo\u017cliwo\u015b\u0107 przegl\u0105dni\u0119cia gazety przygotowanej przez kleryk\u00f3w Wy\u017cszego Seminarium Duchownego w Rzeszowie. \u201ePro-vocatio\u201d, czyli w wolnym t\u0142umaczeniu: \u201edla powo\u0142a\u0144\u201d. Ma prowokowa\u0107 do zastanowienia si\u0119 nad \u017cyciem, nad wyborem powo\u0142ania, szczeg\u00f3lnie do kap\u0142a\u0144stwa i \u017cycia konsekrowanego.<\/p>\n\n\n\n<p>Bo powo\u0142anie to nic innego jak Bo\u017cy plan na Twoje \u017cycie, co\u015b na wz\u00f3r scenariusza, kt\u00f3rego autorem jest sam B\u00f3g. To Jezus pragnie, by\u015b odkrywaj\u0105c powo\u0142anie, d\u0105\u017cy\u0142 wy\u0142\u0105cznie do pe\u0142ni szcz\u0119\u015bcia, do rado\u015bci w \u015bwi\u0119to\u015bci.<\/p>\n\n\n\n<p>Nowy numer Provocatora porusza szczeg\u00f3lnie tematy dotycz\u0105ce tajemnicy powo\u0142ania: Dok\u0105d zmierza cz\u0142owiek? Jak odkry\u0107 drog\u0119 powo\u0142ania kap\u0142a\u0144skiego? Ukazuje tak\u017ce r\u00f3\u017cne \u015bwiadectwa z rado\u015bci \u017cycia kleryckiego w Seminarium: co to znaczy, \u017ce Pan wo\u0142a ku kap\u0142a\u0144stwu, o blaskach i cieniach prze\u017cywania formacji, a szczeg\u00f3lnie mowa jest na temat: dlaczego warto by\u0107 klerykiem! Bo Provocator to przede wszystkim wielkie \u015bwiadectwo ludzi \u017cyj\u0105cych rado\u015bci\u0105 z p\u00f3j\u015bcia za Jezusem! Dlatego szczeg\u00f3lnie zach\u0119cam do lektury \u015bwiadectw o rado\u015bci prze\u017cywania swojego powo\u0142ania do kap\u0142a\u0144stwa i \u017cycia konsekrowanego.<\/p>\n\n\n\n<p>Zapraszamy do lektury!<\/p>\n\n\n\n<p>Poprzednie numery:<\/p>\n\n\n\n<div class=\"wp-block-file\"><a id=\"wp-block-file--media-d6846d6d-d685-4657-ba9c-9a5ff6461e1e\" href=\"https:\/\/www.wsd.rzeszow.pl\/wp-content\/uploads\/2020\/03\/Provocator.pdf\">Provocator<\/a><a href=\"https:\/\/www.wsd.rzeszow.pl\/wp-content\/uploads\/2020\/03\/Provocator.pdf\" class=\"wp-block-file__button wp-element-button\" download aria-describedby=\"wp-block-file--media-d6846d6d-d685-4657-ba9c-9a5ff6461e1e\">Pobierz<\/a><\/div>\n\n\n\n<div class=\"wp-block-file\"><a id=\"wp-block-file--media-f22f0196-f61c-4a3e-9760-7f4370aca25b\" href=\"https:\/\/www.wsd.rzeszow.pl\/wp-content\/uploads\/2020\/03\/Provocator2.pdf\">Provocator2<\/a><a href=\"https:\/\/www.wsd.rzeszow.pl\/wp-content\/uploads\/2020\/03\/Provocator2.pdf\" class=\"wp-block-file__button wp-element-button\" download aria-describedby=\"wp-block-file--media-f22f0196-f61c-4a3e-9760-7f4370aca25b\">Pobierz<\/a><\/div>\n\n\n\n<div style=\"height:100px\" aria-hidden=\"true\" class=\"wp-block-spacer\"><\/div>\n","protected":false},"excerpt":{"rendered":"<p>Czy jeste\u015b szcz\u0119\u015bliwy?&nbsp; Czy odnalaz\u0142e\u015b rado\u015b\u0107 swojej drogi \u017cyciowej?&nbsp; Czy zastanawia\u0142e\u015b si\u0119 nad tym, do czego zosta\u0142e\u015b wezwany, powo\u0142any przez Boga? Dzi\u015b wielu ludzi m\u0142odych szuka w \u015bwiecie swojego szcz\u0119\u015bcia. Pragnie odkry\u0107 i pozna\u0107 w\u0142asne powo\u0142anie, czerpi\u0105c z niego rado\u015b\u0107 na ca\u0142e \u017cycie. Ale co kryje si\u0119 za tym s\u0142owem? [&hellip;]<\/p>\n","protected":false},"author":16,"featured_media":195,"parent":0,"menu_order":0,"comment_status":"closed","ping_status":"closed","template":"","meta":{"ngg_post_thumbnail":0,"footnotes":""},"class_list":["post-62","page","type-page","status-publish","has-post-thumbnail","hentry"],"_links":{"self":[{"href":"https:\/\/www.wsd.rzeszow.pl\/index.php?rest_route=\/wp\/v2\/pages\/62","targetHints":{"allow":["GET"]}}],"collection":[{"href":"https:\/\/www.wsd.rzeszow.pl\/index.php?rest_route=\/wp\/v2\/pages"}],"about":[{"href":"https:\/\/www.wsd.rzeszow.pl\/index.php?rest_route=\/wp\/v2\/types\/page"}],"author":[{"embeddable":true,"href":"https:\/\/www.wsd.rzeszow.pl\/index.php?rest_route=\/wp\/v2\/users\/16"}],"replies":[{"embeddable":true,"href":"https:\/\/www.wsd.rzeszow.pl\/index.php?rest_route=%2Fwp%2Fv2%2Fcomments&post=62"}],"version-history":[{"count":11,"href":"https:\/\/www.wsd.rzeszow.pl\/index.php?rest_route=\/wp\/v2\/pages\/62\/revisions"}],"predecessor-version":[{"id":14389,"href":"https:\/\/www.wsd.rzeszow.pl\/index.php?rest_route=\/wp\/v2\/pages\/62\/revisions\/14389"}],"wp:featuredmedia":[{"embeddable":true,"href":"https:\/\/www.wsd.rzeszow.pl\/index.php?rest_route=\/wp\/v2\/media\/195"}],"wp:attachment":[{"href":"https:\/\/www.wsd.rzeszow.pl\/index.php?rest_route=%2Fwp%2Fv2%2Fmedia&parent=62"}],"curies":[{"name":"wp","href":"https:\/\/api.w.org\/{rel}","templated":true}]}}