{"id":54,"date":"2020-03-02T16:29:22","date_gmt":"2020-03-02T16:29:22","guid":{"rendered":"https:\/\/server278705.nazwa.pl\/?page_id=54"},"modified":"2025-01-20T09:52:08","modified_gmt":"2025-01-20T08:52:08","slug":"poslugi-i-swiecenia","status":"publish","type":"page","link":"https:\/\/www.wsd.rzeszow.pl\/?page_id=54","title":{"rendered":"Pos\u0142ugi i \u015bwi\u0119cenia"},"content":{"rendered":"\n<p>Formacja w Wy\u017cszym Seminarium Duchownym ma za zadanie ukszta\u0142towa\u0107 dojrza\u0142ego cz\u0142owieka. Ka\u017cde seminarium jest zak\u0142adane po to \u201eaby tym, kt\u00f3rych Pan B\u00f3g powo\u0142uje do apostolskiej s\u0142u\u017cby, umo\u017cliwi\u0107 prze\u017cycie do\u015bwiadczenia formacji, jak\u0105 Chrystus da\u0142 Dwunastu\u201d (<em>Pastores dabo vobis<\/em>, 60). Istot\u0105 formacji do kap\u0142a\u0144stwa jest ci\u0105g\u0142e \u201ebycie w drodze\u201d. Na tej drodze istnieje kilka etap\u00f3w. Ka\u017cdy z nich jest g\u0142\u0119bokim prze\u017cyciem alumna, gdy\u017c przybli\u017ca go ku kap\u0142a\u0144stwu.<\/p>\n\n\n\n<p><strong>Ob\u0142\u00f3czyny<\/strong><\/p>\n\n\n\n<p>Przywdzianie szaty duchownej &#8211; sutanny nie jest pos\u0142ug\u0105, ale jest widocznym znakiem przynale\u017cno\u015bci do grona szczeg\u00f3lnych uczni\u00f3w Chrystusa. Klerycy Wy\u017cszego Seminarium Duchownego w Rzeszowie przyjmuj\u0105 szat\u0119 duchown\u0105 na trzecim roku studi\u00f3w, 7 grudnia, w wigili\u0119 Uroczysto\u015bci Niepokalanego Pocz\u0119cia Naj\u015bwi\u0119tszej Maryi Panny. Sutanna jako str\u00f3j odsy\u0142a do innej rzeczywisto\u015bci, a osoba kt\u00f3ra j\u0105 przyjmuje staje si\u0119 w \u015brodowisku znakiem wymiaru Boga, znakiem nadziei. Przypominaj\u0105 o tym s\u0142owa Prymasa Tysi\u0105clecia: \u201eSutanna nie jest ubiorem w szeregu innych stroj\u00f3w, ale jest wyznaniem wiary przed lud\u017ami, jest odwa\u017cnym \u015bwiadectwem danym Chrystusowi, jest przyznaniem si\u0119 do Ko\u015bcio\u0142a\u201d.<\/p>\n\n\n\n<p><strong>Lektorat<\/strong><\/p>\n\n\n\n<p>Przyj\u0119cie pos\u0142ugi lektora, jest poprzedzone rekolekcjami i ma miejsce w okresie Wielkiego Postu na trzecim roku formacji. Istot\u0105 liturgicznego obrz\u0119du, kt\u00f3ry dokonuje si\u0119 podczas uroczystej Mszy \u015awi\u0119tej, jest przekazanie lektorowi ksi\u0119gi Pisma \u015awi\u0119tego. Nowo ustanowieni lektorzy, przyjmuj\u0105c t\u0119 pos\u0142ug\u0119, s\u0142ysz\u0105 z ust biskupa s\u0142owa: \u201ePrzyjmij ksi\u0119g\u0119 Pisma \u015awi\u0119tego i wiernie przekazuj S\u0142owo Bo\u017ce, aby coraz mocniej dzia\u0142a\u0142o w sercach ludzkich\u201d. Zadaniem lektora jest czytanie S\u0142owa Bo\u017cego w zgromadzeniu liturgicznym, wykonywanie psalmu responsoryjnego w przypadku braku psalmisty, wypowiadanie intencji w modlitwie powszechnej, gdy nie ma kantora czy diakona. Najwa\u017cniejszym staraniem winno by\u0107 jednak\u017ce coraz wi\u0119ksze zag\u0142\u0119bianie si\u0119 w S\u0142owo Bo\u017ce i \u017cycie nim na co dzie\u0144.<\/p>\n\n\n\n<p><strong>Akolitat<\/strong><\/p>\n\n\n\n<p>Udzielenie pos\u0142ugi akolity nast\u0119puje na czwartym roku studi\u00f3w po odpowiednim przygotowaniu teologicznym i liturgicznym. Do zada\u0144 akolity nale\u017cy wspomaganie diakona oraz us\u0142ugiwanie kap\u0142anowi w wype\u0142nianiu czynno\u015bci liturgicznych, szczeg\u00f3lnie podczas Mszy \u015awi\u0119tej. Akolita jest nadzwyczajnym szafarzem Komunii \u015awi\u0119tej. Mo\u017ce on udziela\u0107 Komunii \u015awi\u0119tej w czasie Mszy \u015awi\u0119tej, gdy istnieje potrzeba pomocy, a tak\u017ce poza Msz\u0105 \u015awi\u0119t\u0105. Akolita mo\u017ce tak\u017ce zanie\u015b\u0107 Komuni\u0119 \u015awi\u0119t\u0105 chorym i starszym odpowiednio wcze\u015bniej przygotowanym, kt\u00f3rzy pozostaj\u0105 w domu lub szpitalu, wtedy kiedy kap\u0142an, na kt\u00f3rym spoczywa ten obowi\u0105zek, mia\u0142by trudno\u015bci w jego wype\u0142nieniu z powodu innych zaj\u0119\u0107 duszpasterskich. Akolici s\u0105 r\u00f3wnie\u017c wezwani przez Ko\u015bci\u00f3\u0142 do szczeg\u00f3lnej czci i adoracji Naj\u015bwi\u0119tszego Sakramentu oraz do pog\u0142\u0119bionego prze\u017cywania Ofiary Eucharystycznej, aby w jej \u015bwietle kszta\u0142towali swoje \u017cycie.<\/p>\n\n\n\n<p><strong>Kandydatura<\/strong><\/p>\n\n\n\n<p>Tym co bezpo\u015brednio poprzedza fakt przyj\u0119cia \u015bwi\u0119ce\u0144 diakonatu i kap\u0142a\u0144stwa jest uroczyste wprowadzenie alumn\u00f3w V roku w grono kandydat\u00f3w do diakonatu i kap\u0142a\u0144stwa. Ma ono miejsce w drugiej po\u0142owie grudnia. Chocia\u017c nie jest to wydarzenie spektakularne, nale\u017cy pami\u0119ta\u0107, \u017ce wypowiadaj\u0105c Panu \u201etak\u201d, sk\u0142ada si\u0119 zobowi\u0105zanie. Kandydatura jest publicznym, dokonanym wobec Ko\u015bcio\u0142a wyra\u017ceniem pragnienia przyj\u0119cia \u015bwi\u0119ce\u0144 diakonatu i kap\u0142a\u0144stwa.<\/p>\n\n\n\n<p><strong>Diakonat<\/strong><\/p>\n\n\n\n<p>\u015awi\u0119cenia diakonatu przyjmuj\u0105 alumni pi\u0105tego roku podczas uroczystej Mszy \u015awi\u0119tej w Katedrze Rzeszowskiej, tydzie\u0144 przed \u015bwi\u0119ceniami prezbiteratu ich starszych braci z roku VI. Wydarzenie to jest poprzedzone tygodniowymi rekolekcjami. W przeddzie\u0144 \u015bwi\u0119ce\u0144 w kaplicy seminaryjnej, kandydaci do diakonatu sk\u0142adaj\u0105 uroczyst\u0105 przysi\u0119g\u0119 zachowania pos\u0142usze\u0144stwa i celibatu oraz wyznaj\u0105 publicznie swoj\u0105 wiar\u0119. Diakoni uczestnicz\u0105 w specjalny spos\u00f3b w pos\u0142aniu i \u0142asce Chrystusa. Sakrament \u015bwi\u0119ce\u0144 naznacza ich piecz\u0119ci\u0105 (charakterem), kt\u00f3rej nikt nie mo\u017ce usun\u0105\u0107. Przez ca\u0142y okres sz\u00f3stego roku studi\u00f3w diakoni pos\u0142uguj\u0105 w parafiach diecezji, odbywaj\u0105c tym samym praktyk\u0119 duszpastersk\u0105.<\/p>\n\n\n\n<p><strong>Prezbiterat<\/strong><\/p>\n\n\n\n<p>Zwie\u0144czeniem formacji seminaryjnej s\u0105 \u015bwi\u0119cenia kap\u0142a\u0144skie, kt\u00f3rych udziela biskup w ko\u015bciele katedralnym, w sobot\u0119 przed Uroczysto\u015bci\u0105 Zes\u0142ania Ducha \u015awi\u0119tego. Liturgia podkre\u015bla fakt, \u017ce kandydaci do \u015bwi\u0119ce\u0144 zostaj\u0105 wybrani do urz\u0119du kap\u0142a\u0144skiego. Nie ma tu mowy o wzi\u0119ciu sobie tego urz\u0119du czy godno\u015bci, ale o obdarowaniu ze strony Boga za spraw\u0105 pos\u0142ugi Ko\u015bcio\u0142a. Oczywi\u015bcie nie dzieje si\u0119 to wbrew woli cz\u0142owieka. Konieczne jest jego wolne chc\u0119. S\u0142owo to pada czterokrotnie podczas obrz\u0119du \u015bwi\u0119ce\u0144, po raz ostatni uzupe\u0142nione istotn\u0105 klauzul\u0105: Chc\u0119, z Bo\u017c\u0105 pomoc\u0105. To chc\u0119 poparte jest jeszcze s\u0142owem przyrzekam, kiedy to kandydat kl\u0119cz\u0105c przed biskupem, wk\u0142ada swe z\u0142o\u017cone r\u0119ce w jego d\u0142onie na znak czci i dozgonnego pos\u0142usze\u0144stwa. S\u0142owa: Niech B\u00f3g, kt\u00f3ry rozpocz\u0105\u0142 w tobie dobre dzie\u0142o, sam go dokona &#8211; przypominaj\u0105 raz jeszcze, i\u017c nie jest to sprawa tylko ludzka. Padni\u0119cie na twarz w trakcie \u015bpiewu litanii do Wszystkich \u015awi\u0119tych oraz milczenie w chwili samych \u015bwi\u0119ce\u0144, jeszcze dobitniej to podkre\u015blaj\u0105. Symboliczne gesty namaszczenia r\u0105k, przekazania chleba i wina oraz udzielany przez biskupa poca\u0142unek pokoju, dope\u0142niaj\u0105 rytu \u015bwi\u0119ce\u0144 kap\u0142a\u0144skich. Po przyj\u0119ciu \u015bwi\u0119ce\u0144 kap\u0142a\u0144skich, neoprezbiterzy udaj\u0105 si\u0119 do swoich parafii rodzinnych, gdzie odbywaj\u0105 si\u0119 ich prymicje, za\u015b ko\u0144cem wakacji zostaj\u0105 skierowani na pierwsze parafie, by s\u0142u\u017cy\u0107 Bogu i ludziom.<\/p>\n\n\n\n<p>opr. ks. Jacek Szcz\u0119ch<\/p>\n\n\n\n<div style=\"height:100px\" aria-hidden=\"true\" class=\"wp-block-spacer\"><\/div>\n","protected":false},"excerpt":{"rendered":"<p>Formacja w Wy\u017cszym Seminarium Duchownym ma za zadanie ukszta\u0142towa\u0107 dojrza\u0142ego cz\u0142owieka. Ka\u017cde seminarium jest zak\u0142adane po to \u201eaby tym, kt\u00f3rych Pan B\u00f3g powo\u0142uje do apostolskiej s\u0142u\u017cby, umo\u017cliwi\u0107 prze\u017cycie do\u015bwiadczenia formacji, jak\u0105 Chrystus da\u0142 Dwunastu\u201d (Pastores dabo vobis, 60). Istot\u0105 formacji do kap\u0142a\u0144stwa jest ci\u0105g\u0142e \u201ebycie w drodze\u201d. Na tej drodze [&hellip;]<\/p>\n","protected":false},"author":16,"featured_media":190,"parent":0,"menu_order":0,"comment_status":"closed","ping_status":"closed","template":"","meta":{"ngg_post_thumbnail":0,"footnotes":""},"class_list":["post-54","page","type-page","status-publish","has-post-thumbnail","hentry"],"_links":{"self":[{"href":"https:\/\/www.wsd.rzeszow.pl\/index.php?rest_route=\/wp\/v2\/pages\/54","targetHints":{"allow":["GET"]}}],"collection":[{"href":"https:\/\/www.wsd.rzeszow.pl\/index.php?rest_route=\/wp\/v2\/pages"}],"about":[{"href":"https:\/\/www.wsd.rzeszow.pl\/index.php?rest_route=\/wp\/v2\/types\/page"}],"author":[{"embeddable":true,"href":"https:\/\/www.wsd.rzeszow.pl\/index.php?rest_route=\/wp\/v2\/users\/16"}],"replies":[{"embeddable":true,"href":"https:\/\/www.wsd.rzeszow.pl\/index.php?rest_route=%2Fwp%2Fv2%2Fcomments&post=54"}],"version-history":[{"count":12,"href":"https:\/\/www.wsd.rzeszow.pl\/index.php?rest_route=\/wp\/v2\/pages\/54\/revisions"}],"predecessor-version":[{"id":16864,"href":"https:\/\/www.wsd.rzeszow.pl\/index.php?rest_route=\/wp\/v2\/pages\/54\/revisions\/16864"}],"wp:featuredmedia":[{"embeddable":true,"href":"https:\/\/www.wsd.rzeszow.pl\/index.php?rest_route=\/wp\/v2\/media\/190"}],"wp:attachment":[{"href":"https:\/\/www.wsd.rzeszow.pl\/index.php?rest_route=%2Fwp%2Fv2%2Fmedia&parent=54"}],"curies":[{"name":"wp","href":"https:\/\/api.w.org\/{rel}","templated":true}]}}