{"id":4202,"date":"2022-08-05T15:57:27","date_gmt":"2022-08-05T15:57:27","guid":{"rendered":"https:\/\/www.wsd.rzeszow.pl\/?page_id=4202"},"modified":"2025-09-24T14:14:28","modified_gmt":"2025-09-24T13:14:28","slug":"kadra-dydaktyczna-2021-2022","status":"publish","type":"page","link":"https:\/\/www.wsd.rzeszow.pl\/?page_id=4202","title":{"rendered":"Kadra dydaktyczna"},"content":{"rendered":"\n<div class=\"wp-block-group\"><div class=\"wp-block-group__inner-container is-layout-constrained wp-block-group-is-layout-constrained\">\n<p>Alumni Wy\u017cszego Seminarium Duchownego w Rzeszowie odbywaj\u0105 jednolite studia magisterskie z nauk teologicznych w ramach <strong><a href=\"https:\/\/iwst.rzeszow.pl\/\">Instytutu Wy\u017cszych Studi\u00f3w Teologicznych w Rzeszowie<\/a><\/strong> (zob. <a href=\"https:\/\/iwst.rzeszow.pl\/\"><strong>TUTAJ<\/strong><\/a>), kt\u00f3ry jest afiliowany do Uniwersytetu Papieskiego Jana Paw\u0142a II w Krakowie.<\/p>\n\n\n\n<ul class=\"wp-block-list\">\n<li>Szczeg\u00f3\u0142owy plan studi\u00f3w: <strong><a href=\"https:\/\/iwst.rzeszow.pl\/strefa-studenta\/plany-zajec\/teologia-o-specjalizacji-kaplanskiej\/\" target=\"_blank\" rel=\"noreferrer noopener\">tutaj<\/a><\/strong>.<\/li>\n\n\n\n<li>Opisy przedmiot\u00f3w:<strong> <a href=\"https:\/\/iwst.rzeszow.pl\/strefa-studenta\/przedmioty\/\">tutaj<\/a><\/strong>.<\/li>\n\n\n\n<li>Wyk\u0142adowcy: <strong><a href=\"https:\/\/iwst.rzeszow.pl\/wykladowcy\/\" target=\"_blank\" rel=\"noreferrer noopener\">tutaj<\/a><\/strong>.<\/li>\n\n\n\n<li>Wi\u0119cej informacji na temat programu studi\u00f3w, pracy magisterskiej, praktyk katechetycznych oraz stypendi\u00f3w znajdziesz na stronie instytutu: <a href=\"https:\/\/iwst.rzeszow.pl\/strefa-studenta\/dokumenty\/teologia-kaplanska\/\" target=\"_blank\" rel=\"noreferrer noopener\"><strong>tutaj<\/strong><\/a>. <\/li>\n<\/ul>\n<\/div><\/div>\n\n\n\n<p>Alumni&nbsp;<strong>etapu propedeutycznego<\/strong>&nbsp;przez okres jednego roku akademickiego, przed rozpocz\u0119ciem studi\u00f3w filozoficzno-teologicznych w IWST, studiuj\u0105 w ramach&nbsp;<strong>Wy\u017cszego Seminarium Duchownego w Rzeszowie<\/strong>.<\/p>\n\n\n\n<p>W ramach zaj\u0119\u0107 dydaktycznych etapu propedeutycznego prowadzone s\u0105 nast\u0119puj\u0105ce wyk\u0142ady:<\/p>\n\n\n\n<ul class=\"wp-block-list\">\n<li><em>Wprowadzenie w chrze\u015bcija\u0144stwo<\/em>:&nbsp;<em>credo&nbsp;<\/em>(<a href=\"https:\/\/iwst.rzeszow.pl\/wykladowca\/ks-dr-krzysztof-golas\/\" target=\"_blank\" rel=\"noreferrer noopener\">ks. dr Krzysztof Golas<\/a>)<\/li>\n\n\n\n<li><em>Wprowadzenie w chrze\u015bcija\u0144stwo: liturgia<\/em>&nbsp;(<a href=\"https:\/\/iwst.rzeszow.pl\/wykladowca\/ks-dr-slawomir-jeziorski\/\">ks. dr S\u0142awomir Jeziorski<\/a>)<\/li>\n\n\n\n<li><em>Wprowadzenie w chrze\u015bcija\u0144stwo: moralno\u015b\u0107&nbsp;<\/em>(<a href=\"https:\/\/iwst.rzeszow.pl\/wykladowca\/ks-dr-mateusz-rachwalski\/\" target=\"_blank\" rel=\"noreferrer noopener\">ks. dr Mateusz Rachwalski)<\/a><\/li>\n\n\n\n<li><em>Wprowadzenie w chrze\u015bcija\u0144stwo: modlitwa&nbsp;<\/em>(<a href=\"https:\/\/iwst.rzeszow.pl\/wykladowca\/pawel\/\" target=\"_blank\" rel=\"noreferrer noopener\">ks. dr Pawe\u0142 Syno\u015b<\/a>)<\/li>\n\n\n\n<li><em>Czytanie Pisma \u015bwi\u0119tego jako s\u0142owa Bo\u017ceg<\/em>o (<a href=\"https:\/\/iwst.rzeszow.pl\/wykladowca\/ks-dr-hab-adam-kubis-prof-kul\/\" target=\"_blank\" rel=\"noreferrer noopener\">ks. dr hab. Adam Kubi\u015b, prof. KUL<\/a>)<\/li>\n\n\n\n<li><em>Wprowadzenie do teologii duchowo\u015bci<\/em>&nbsp;(<a href=\"https:\/\/iwst.rzeszow.pl\/wykladowca\/ks-dr-tomasz-kolodziej\/\" target=\"_blank\" rel=\"noreferrer noopener\">ks. dr Tomasz Ko\u0142odziej<\/a>)<\/li>\n\n\n\n<li><em>Wsp\u00f3\u0142czesny obraz \u015bwiata<\/em>&nbsp;(<a href=\"https:\/\/iwst.rzeszow.pl\/wykladowca\/ks-dr-hab-miroslaw-twardowski-prof-ur\/\" target=\"_blank\" rel=\"noreferrer noopener\">ks. dr hab. Miros\u0142aw Twardowski, prof. UR<\/a>)<\/li>\n\n\n\n<li><em>Literatura i kod kulturowy<\/em>&nbsp;(<a href=\"https:\/\/iwst.rzeszow.pl\/wykladowca\/ks-dr-pawel-batory-2\/\">ks. dr Pawe\u0142 Batory<\/a>,&nbsp;<a href=\"https:\/\/www.fundacjamaximum.kylos.pl\/wp\/?page_id=352\">ks. mgr lic. Tomasz Nowak<\/a>)<\/li>\n\n\n\n<li><em>Wprowadzenie w filozofi\u0119 <\/em>(<a href=\"https:\/\/iwst.rzeszow.pl\/wykladowca\/ks-mgr-slawomir-podraza\/\">ks. S\u0142awomir Podraza<\/a>)<\/li>\n\n\n\n<li><em>Wprowadzenie do muzyki ko\u015bcielnej<\/em>&nbsp;(<a href=\"https:\/\/iwst.rzeszow.pl\/wykladowca\/ks-dr-lucjan-dyka\/\" target=\"_blank\" rel=\"noreferrer noopener\">ks. dr Lucjan Dyka<\/a>)<\/li>\n\n\n\n<li><em>Historia i tradycje Ko\u015bcio\u0142a lokalnego<\/em>&nbsp;(dr Bartosz Walicki,&nbsp;<a href=\"https:\/\/pracownik.kul.pl\/slawomir.zych\/wiecej\" target=\"_blank\" rel=\"noreferrer noopener\">ks. dr hab. S\u0142awomir Zych<\/a>)<\/li>\n\n\n\n<li><em>Warsztaty osobowo\u015bciowe\u00a0<\/em>(<a href=\"https:\/\/www.wsd.rzeszow.pl\/?page_id=29\">ks. mgr Nikodem Rybczyk<\/a>)<\/li>\n\n\n\n<li><em>J\u0119zyk angielski<\/em>\u00a0(mgr Aneta Szczepankiewicz)<\/li>\n<\/ul>\n","protected":false},"excerpt":{"rendered":"<p>Alumni Wy\u017cszego Seminarium Duchownego w Rzeszowie odbywaj\u0105 jednolite studia magisterskie z nauk teologicznych w ramach Instytutu Wy\u017cszych Studi\u00f3w Teologicznych w Rzeszowie (zob. TUTAJ), kt\u00f3ry jest afiliowany do Uniwersytetu Papieskiego Jana Paw\u0142a II w Krakowie. Alumni&nbsp;etapu propedeutycznego&nbsp;przez okres jednego roku akademickiego, przed rozpocz\u0119ciem studi\u00f3w filozoficzno-teologicznych w IWST, studiuj\u0105 w ramach&nbsp;Wy\u017cszego Seminarium [&hellip;]<\/p>\n","protected":false},"author":2,"featured_media":1126,"parent":0,"menu_order":0,"comment_status":"closed","ping_status":"closed","template":"","meta":{"ngg_post_thumbnail":0,"footnotes":""},"class_list":["post-4202","page","type-page","status-publish","has-post-thumbnail","hentry"],"_links":{"self":[{"href":"https:\/\/www.wsd.rzeszow.pl\/index.php?rest_route=\/wp\/v2\/pages\/4202","targetHints":{"allow":["GET"]}}],"collection":[{"href":"https:\/\/www.wsd.rzeszow.pl\/index.php?rest_route=\/wp\/v2\/pages"}],"about":[{"href":"https:\/\/www.wsd.rzeszow.pl\/index.php?rest_route=\/wp\/v2\/types\/page"}],"author":[{"embeddable":true,"href":"https:\/\/www.wsd.rzeszow.pl\/index.php?rest_route=\/wp\/v2\/users\/2"}],"replies":[{"embeddable":true,"href":"https:\/\/www.wsd.rzeszow.pl\/index.php?rest_route=%2Fwp%2Fv2%2Fcomments&post=4202"}],"version-history":[{"count":16,"href":"https:\/\/www.wsd.rzeszow.pl\/index.php?rest_route=\/wp\/v2\/pages\/4202\/revisions"}],"predecessor-version":[{"id":15598,"href":"https:\/\/www.wsd.rzeszow.pl\/index.php?rest_route=\/wp\/v2\/pages\/4202\/revisions\/15598"}],"wp:featuredmedia":[{"embeddable":true,"href":"https:\/\/www.wsd.rzeszow.pl\/index.php?rest_route=\/wp\/v2\/media\/1126"}],"wp:attachment":[{"href":"https:\/\/www.wsd.rzeszow.pl\/index.php?rest_route=%2Fwp%2Fv2%2Fmedia&parent=4202"}],"curies":[{"name":"wp","href":"https:\/\/api.w.org\/{rel}","templated":true}]}}