{"id":34,"date":"2020-03-02T16:19:09","date_gmt":"2020-03-02T16:19:09","guid":{"rendered":"https:\/\/server278705.nazwa.pl\/?page_id=34"},"modified":"2025-10-30T21:39:56","modified_gmt":"2025-10-30T20:39:56","slug":"alumni","status":"publish","type":"page","link":"https:\/\/www.wsd.rzeszow.pl\/?page_id=34","title":{"rendered":"Alumni"},"content":{"rendered":"\n<p class=\"has-text-align-center\"><br><strong>ROK AKADEMICKI<br>2025\/2026<\/strong><\/p>\n\n\n\n<p><strong>Rok Propedeutyczny<\/strong><\/p>\n\n\n\n<ol class=\"wp-block-list\">\n<li>Tomasz Adamiec &#8211; Parafia Rzesz\u00f3w Za\u0142\u0119\u017ce &#8211; MB Nieustaj\u0105cej Pomocy i \u015bw. Floriana<\/li>\n\n\n\n<li>Dominik Kluz &#8211; Parafia Gorlice &#8211; \u015bw. Andrzej Bobola<\/li>\n\n\n\n<li>Kamil Kr\u00f3l &#8211; Parafia Malawa<\/li>\n\n\n\n<li>Filip Ma\u017anicki &#8211; Parafia Nowa Wie\u015b, k. Czudca<\/li>\n\n\n\n<li>Micha\u0142 Rybka &#8211; Parafia Rzesz\u00f3w &#8211; Bo\u017cego Cia\u0142a i MB z Lourdes <\/li>\n\n\n\n<li>Jakub Tereszkiewicz &#8211; Parafia Chmielnik, k. Rzeszowa<\/li>\n<\/ol>\n\n\n\n<p><strong>Rok I<\/strong><\/p>\n\n\n\n<ol class=\"wp-block-list\">\n<li>Karol Kobylarz &#8211; Parafia W\u00f3lka Nied\u017awiedzka<\/li>\n\n\n\n<li>Karol Krzto\u0144 &#8211; Parafia Rzesz\u00f3w &#8211; \u015bw. Judy Tadeusza<\/li>\n\n\n\n<li>Oskar Panasiuk &#8211; Parafia Soko\u0142\u00f3w Ma\u0142opolski<\/li>\n<\/ol>\n\n\n\n<p><strong>Rok II<\/strong><\/p>\n\n\n\n<ol class=\"wp-block-list\">\n<li>Konrad Bednarz &#8211; Parafia Nowa Wie\u015b, k. Trzebowniska<\/li>\n\n\n\n<li>Marcin Blat &#8211; Parafia Werynia<\/li>\n\n\n\n<li>Marcin Chmiel &#8211; Parafia Zagorzyce<\/li>\n\n\n\n<li>Dominik Cyran &#8211; Parafia D\u0105browa, k. Trzciany<\/li>\n\n\n\n<li>Bart\u0142omiej Dziedzic &#8211; Parafia \u0141\u0105czki Kucharskie<\/li>\n\n\n\n<li>Micha\u0142 Gratkowski &#8211; Parafia Olchowa<\/li>\n<\/ol>\n\n\n\n<p><strong>Rok III<\/strong><\/p>\n\n\n\n<ol class=\"wp-block-list\">\n<li>Wiktor Gondek &#8211; Parafia Jas\u0142o &#8211; MB Cz\u0119stochowskiej<\/li>\n\n\n\n<li>Kamil Jakubek &#8211; Parafia S\u0119dzisz\u00f3w M\u0142p. &#8211; Narodzenia NMP<\/li>\n\n\n\n<li>Jakub J\u0119drzejczyk &#8211; Parafia Bie\u017adziedza <\/li>\n\n\n\n<li>Dawid Kalisztan &#8211; Parafia S\u0119dzisz\u00f3w M\u0142p. &#8211; Mi\u0142osierdzia Bo\u017cego<\/li>\n<\/ol>\n\n\n\n<p><strong>Rok IV<\/strong><\/p>\n\n\n\n<ol class=\"wp-block-list\">\n<li>Marcin Pruchnicki &#8211; Parafia W\u00f3lka Pe\u0142ki\u0144ska (archid. przemyska)<\/li>\n\n\n\n<li>Szymon Skiba &#8211; Parafia Osobnica <\/li>\n<\/ol>\n\n\n\n<p><strong>Rok V<\/strong><\/p>\n\n\n\n<ol class=\"wp-block-list\">\n<li>Kamil G\u00f3rka &#8211; Parafia Pstr\u0105gowa<\/li>\n\n\n\n<li>J\u00f3zef Kiernicki &#8211; Parafia Czudec<\/li>\n<\/ol>\n\n\n\n<p><strong>Rok VI<\/strong><\/p>\n\n\n\n<ol class=\"wp-block-list\">\n<li>Marek Dul &#8211; Parafia G\u0142og\u00f3w Ma\u0142opolski &#8211; Tr\u00f3jcy Przenaj\u015bwi\u0119tszej<\/li>\n\n\n\n<li>Krzysztof Musia\u0142 &#8211; Parafia Gorlice &#8211; \u015bw. Andrzeja Boboli<\/li>\n\n\n\n<li>Przemys\u0142aw R\u00f3g &#8211; Parafia Niechobrz<\/li>\n\n\n\n<li>Kacper Turek &#8211; Parafia Jas\u0142o &#8211; MB Cz\u0119stochowskiej<\/li>\n<\/ol>\n\n\n\n<p><strong>Alumni na praktykach duszpasterskich<\/strong><\/p>\n\n\n\n<ol class=\"wp-block-list\">\n<li>Kamil Podwika &#8211; Parafia Gorlice \u2013 Narodzenia NMP<\/li>\n\n\n\n<li>Pawe\u0142 Sienkiewicz &#8211; Parafia Golice \u2013 \u015bw. Jadwigi<\/li>\n\n\n\n<li>Mateusz Uliasz &#8211; Parafia Za\u0142\u0119\u017ce, k. Jas\u0142a<\/li>\n<\/ol>\n\n\n\n<p><em>Stan na dzie\u0144 30.10.2025<\/em><\/p>\n\n\n\n<div style=\"height:100px\" aria-hidden=\"true\" class=\"wp-block-spacer\"><\/div>\n","protected":false},"excerpt":{"rendered":"<p>ROK AKADEMICKI2025\/2026 Rok Propedeutyczny Rok I Rok II Rok III Rok IV Rok V Rok VI Alumni na praktykach duszpasterskich Stan na dzie\u0144 30.10.2025<\/p>\n","protected":false},"author":16,"featured_media":6566,"parent":0,"menu_order":0,"comment_status":"closed","ping_status":"closed","template":"","meta":{"ngg_post_thumbnail":0,"footnotes":""},"class_list":["post-34","page","type-page","status-publish","has-post-thumbnail","hentry"],"_links":{"self":[{"href":"https:\/\/www.wsd.rzeszow.pl\/index.php?rest_route=\/wp\/v2\/pages\/34","targetHints":{"allow":["GET"]}}],"collection":[{"href":"https:\/\/www.wsd.rzeszow.pl\/index.php?rest_route=\/wp\/v2\/pages"}],"about":[{"href":"https:\/\/www.wsd.rzeszow.pl\/index.php?rest_route=\/wp\/v2\/types\/page"}],"author":[{"embeddable":true,"href":"https:\/\/www.wsd.rzeszow.pl\/index.php?rest_route=\/wp\/v2\/users\/16"}],"replies":[{"embeddable":true,"href":"https:\/\/www.wsd.rzeszow.pl\/index.php?rest_route=%2Fwp%2Fv2%2Fcomments&post=34"}],"version-history":[{"count":72,"href":"https:\/\/www.wsd.rzeszow.pl\/index.php?rest_route=\/wp\/v2\/pages\/34\/revisions"}],"predecessor-version":[{"id":19952,"href":"https:\/\/www.wsd.rzeszow.pl\/index.php?rest_route=\/wp\/v2\/pages\/34\/revisions\/19952"}],"wp:featuredmedia":[{"embeddable":true,"href":"https:\/\/www.wsd.rzeszow.pl\/index.php?rest_route=\/wp\/v2\/media\/6566"}],"wp:attachment":[{"href":"https:\/\/www.wsd.rzeszow.pl\/index.php?rest_route=%2Fwp%2Fv2%2Fmedia&parent=34"}],"curies":[{"name":"wp","href":"https:\/\/api.w.org\/{rel}","templated":true}]}}