{"id":19,"date":"2020-03-02T16:09:39","date_gmt":"2020-03-02T16:09:39","guid":{"rendered":"https:\/\/server278705.nazwa.pl\/?page_id=19"},"modified":"2024-03-08T17:42:05","modified_gmt":"2024-03-08T16:42:05","slug":"biskup-rzeszowski","status":"publish","type":"page","link":"https:\/\/www.wsd.rzeszow.pl\/?page_id=19","title":{"rendered":"Bp Jan W\u0105troba"},"content":{"rendered":"<div class=\"wp-block-image\">\n<figure class=\"aligncenter size-large\"><img loading=\"lazy\" decoding=\"async\" width=\"700\" height=\"250\" src=\"https:\/\/server278705.nazwa.pl\/wp-content\/uploads\/2020\/03\/jan-watroba-grafika.png\" alt=\"\" class=\"wp-image-139\" srcset=\"https:\/\/www.wsd.rzeszow.pl\/wp-content\/uploads\/2020\/03\/jan-watroba-grafika.png 700w, https:\/\/www.wsd.rzeszow.pl\/wp-content\/uploads\/2020\/03\/jan-watroba-grafika-300x107.png 300w\" sizes=\"auto, (max-width: 700px) 100vw, 700px\" \/><\/figure>\n<\/div>\n\n\n<div style=\"height:100px\" aria-hidden=\"true\" class=\"wp-block-spacer\"><\/div>\n\n\n\n<p>Biskup Jan W\u0105troba, syn Franciszka i Ireny, urodzi\u0142 si\u0119 4 grudnia 1953 r. w Wieluniu (woj. \u0142\u00f3dzkie). Pochodzi z rodziny robotniczo-ch\u0142opskiej.  Ojciec by\u0142 kolejarzem, kt\u00f3ry prowadzi\u0142 jednocze\u015bnie niewielkie gospodarstwo rolne. Zmar\u0142 w 2003 r. Parafia Bia\u0142a p.w. \u015bw. Piotra w Okowach  (archidiecezja cz\u0119stochowska) to miejsce jego chrztu i kolejnych  sakrament\u00f3w \u015bwi\u0119tych. Tam te\u017c do dzi\u015b mieszka mama Irena, a w niedalekim Wieruszowie siostra Maria z m\u0119\u017cem i tr\u00f3jk\u0105 dzieci. Do szko\u0142y podstawowej ucz\u0119szcza\u0142 w swojej miejscowo\u015bci rodzinnej i uko\u0144czy\u0142 j\u0105 w 1968 r.<\/p>\n\n\n\n<p>W latach 1968-1972 by\u0142 uczniem Liceum Og\u00f3lnokszta\u0142c\u0105cego im. Tadeusza Ko\u015bciuszki w Wieluniu, gdzie uzyska\u0142 \u015bwiadectwo dojrza\u0142o\u015bci. Studia filozoficzno-teologiczne odbywa\u0142 w Cz\u0119stochowskim Seminarium Duchownym w Krakowie. Kilka tygodni po ich rozpocz\u0119ciu zosta\u0142 powo\u0142any do odbycia dwuletniej s\u0142u\u017cby wojskowej i wcielony do specjalnej jednostki kleryckiej w Bartoszycach. Po uko\u0144czeniu studi\u00f3w i uzyskaniu stopnia magistra teologii przyj\u0105\u0142 \u015bwi\u0119cenia kap\u0142a\u0144skie w katedrze cz\u0119stochowskiej z r\u0105k biskupa Stefana Bare\u0142y w dniu 27 maja 1979 r. Przez przez dwa kolejne lata pracowa\u0142 jako wikariusz parafii p.w. Ducha \u015awi\u0119tego w Wieruszowie. <\/p>\n\n\n\n<p>W 1981 r. zosta\u0142 przez swego biskupa pos\u0142any do Rzymu, gdzie Fundacja Jana Paw\u0142a II powierzy\u0142a mu trosk\u0119 duszpastersk\u0105 nad pielgrzymami polskimi. Pe\u0142ni\u0142 t\u0119 pos\u0142ug\u0119 przez cztery lata w ramach Centro Pastorale &#8222;Corda Cordi&#8221;. Jednocze\u015bnie podj\u0105\u0142 studia na Uniwersytecie Latera\u0144skim, na kt\u00f3rym w 1985 r. uzyska\u0142 stopie\u0144 licencjata z zakresu teologii pastoralnej. W lipcu 1985 r. nowy Biskup Cz\u0119stochowski Stanis\u0142aw Nowak powierzy\u0142 mu obowi\u0105zki swego sekretarza i kapelana, kt\u00f3re pe\u0142ni\u0142 przez 9 lat. W tym czasie by\u0142 tak\u017ce sekretarzem Wydzia\u0142u Duszpasterskiego Kurii Diecezjalnej oraz jej rzecznikiem prasowym. W ramach <em>tirocinium pastorale<\/em> pe\u0142ni\u0142 obowi\u0105zki ojca duchownego m\u0142odych kap\u0142an\u00f3w. W latach 1994- 2000 by\u0142 rektorem Wy\u017cszego Seminarium Duchownego w Cz\u0119stochowie. W 1999 r. na Akademii Teologii Katolickiej w Warszawie uzyska\u0142 stopie\u0144 doktora teologii na podstawie pracy \u201ePermanentna formacja duchowa kap\u0142an\u00f3w w \u015bwietle soborowych i posoborowych dokument\u00f3w Urz\u0119du Nauczycielskiego Ko\u015bcio\u0142a (1963-1994)&#8221; napisanej pod kierunkiem ks. prof. Stanis\u0142awa Urba\u0144skiego.<\/p>\n\n\n\n<p>Dnia 20 kwietnia 2000 r. Ojciec \u015awi\u0119ty Jan Pawe\u0142 II mianowa\u0142 ks. Jana W\u0105trob\u0119 biskupem pomocniczym w Cz\u0119stochowie ze stolic\u0105 tytularn\u0105 Bisica. Sakr\u0119 biskupi\u0105 przyj\u0105\u0142 w archikatedrze cz\u0119stochowskiej w dniu 20 maja 2000 roku. G\u0142\u00f3wnym konsekratorem by\u0142 abp metropolita cz\u0119stochowski Stanis\u0142aw Nowak, a towarzyszyli mu abp lubelski J\u00f3zef \u017byci\u0144ski i biskup pomocniczy cz\u0119stochowski Antoni D\u0142ugosz. Abp Stanis\u0142aw Nowak ustanowi\u0142 go wikariuszem generalnym archidiecezji cz\u0119stochowskiej. Jako biskup pomocniczy i wikariusz generalny nale\u017ca\u0142 do Rady Kap\u0142a\u0144skiej, Rady Duszpasterskiej i Kolegium Konsultor\u00f3w. Do marca 2012 roku by\u0142 tak\u017ce przewodnicz\u0105cym Rady Ekonomicznej.<\/p>\n\n\n\n<p>Dnia 14 czerwca 2013 r. Ojciec \u015awi\u0119ty Franciszek mianowa\u0142 ks. bpa Jana W\u0105trob\u0119 biskupem rzeszowskim. Jego zawo\u0142aniem biskupim s\u0105 s\u0142owa: <em>Ecce venio <\/em>(\u201eOto id\u0119, aby spe\u0142nia\u0107 wol\u0119 Twoj\u0105\u201d). 19 lipca 2013 r. bp Jan przej\u0105\u0142 kanonicznie diecezj\u0119 rzeszowsk\u0105 jako jej ordynariusz. 20 lipca 2013 r. odby\u0142 si\u0119 ingres w katedrze rzeszowskiej.<\/p>\n\n\n\n<div style=\"height:100px\" aria-hidden=\"true\" class=\"wp-block-spacer\"><\/div>\n","protected":false},"excerpt":{"rendered":"<p>Biskup Jan W\u0105troba, syn Franciszka i Ireny, urodzi\u0142 si\u0119 4 grudnia 1953 r. w Wieluniu (woj. \u0142\u00f3dzkie). Pochodzi z rodziny robotniczo-ch\u0142opskiej. Ojciec by\u0142 kolejarzem, kt\u00f3ry prowadzi\u0142 jednocze\u015bnie niewielkie gospodarstwo rolne. Zmar\u0142 w 2003 r. Parafia Bia\u0142a p.w. \u015bw. Piotra w Okowach (archidiecezja cz\u0119stochowska) to miejsce jego chrztu i kolejnych sakrament\u00f3w [&hellip;]<\/p>\n","protected":false},"author":16,"featured_media":846,"parent":0,"menu_order":0,"comment_status":"closed","ping_status":"closed","template":"","meta":{"ngg_post_thumbnail":0,"footnotes":""},"class_list":["post-19","page","type-page","status-publish","has-post-thumbnail","hentry"],"_links":{"self":[{"href":"https:\/\/www.wsd.rzeszow.pl\/index.php?rest_route=\/wp\/v2\/pages\/19","targetHints":{"allow":["GET"]}}],"collection":[{"href":"https:\/\/www.wsd.rzeszow.pl\/index.php?rest_route=\/wp\/v2\/pages"}],"about":[{"href":"https:\/\/www.wsd.rzeszow.pl\/index.php?rest_route=\/wp\/v2\/types\/page"}],"author":[{"embeddable":true,"href":"https:\/\/www.wsd.rzeszow.pl\/index.php?rest_route=\/wp\/v2\/users\/16"}],"replies":[{"embeddable":true,"href":"https:\/\/www.wsd.rzeszow.pl\/index.php?rest_route=%2Fwp%2Fv2%2Fcomments&post=19"}],"version-history":[{"count":27,"href":"https:\/\/www.wsd.rzeszow.pl\/index.php?rest_route=\/wp\/v2\/pages\/19\/revisions"}],"predecessor-version":[{"id":14388,"href":"https:\/\/www.wsd.rzeszow.pl\/index.php?rest_route=\/wp\/v2\/pages\/19\/revisions\/14388"}],"wp:featuredmedia":[{"embeddable":true,"href":"https:\/\/www.wsd.rzeszow.pl\/index.php?rest_route=\/wp\/v2\/media\/846"}],"wp:attachment":[{"href":"https:\/\/www.wsd.rzeszow.pl\/index.php?rest_route=%2Fwp%2Fv2%2Fmedia&parent=19"}],"curies":[{"name":"wp","href":"https:\/\/api.w.org\/{rel}","templated":true}]}}