{"id":17,"date":"2020-03-02T16:09:07","date_gmt":"2020-03-02T16:09:07","guid":{"rendered":"https:\/\/server278705.nazwa.pl\/?page_id=17"},"modified":"2024-09-08T19:08:48","modified_gmt":"2024-09-08T18:08:48","slug":"przelozeni","status":"publish","type":"page","link":"https:\/\/www.wsd.rzeszow.pl\/?page_id=17","title":{"rendered":"Prze\u0142o\u017ceni"},"content":{"rendered":"\n<p><strong>Biskup Rzeszowski:<\/strong><a href=\"https:\/\/www.wsd.rzeszow.pl\/?page_id=19\"><br>Ks. Bp Jan W\u0105troba <\/a><\/p>\n\n\n\n<p><strong>Rektor:<\/strong><br><a href=\"https:\/\/www.wsd.rzeszow.pl\/?page_id=21\" data-type=\"page\" data-id=\"21\">Ks. dr hab. Adam Kubi\u015b, prof. KUL<\/a><br><\/p>\n\n\n\n<p><strong>Dyrektor Administracyjny:<\/strong><a href=\"https:\/\/www.wsd.rzeszow.pl\/?page_id=23\"><br>Ks. mgr Bogus\u0142aw Babiarz<\/a><br><\/p>\n\n\n\n<p><strong>Prefekt:<\/strong><br><a href=\"https:\/\/www.wsd.rzeszow.pl\/?page_id=4236\" data-type=\"page\" data-id=\"4236\">Ks. dr Mateusz Rachwalski<\/a><\/p>\n\n\n\n<p><\/p>\n\n\n\n<p><strong>Prefekt etapu propedeutycznego:<\/strong><br><a href=\"https:\/\/www.wsd.rzeszow.pl\/?page_id=27\">Ks. dr Krzysztof Golas<\/a><br><\/p>\n\n\n\n<p><strong>Ojcowie Duchowni:<\/strong><br><a href=\"https:\/\/www.wsd.rzeszow.pl\/?page_id=29\" data-type=\"page\" data-id=\"29\">Ks. mgr Nikodem Rybczyk<\/a><br><a href=\"https:\/\/www.wsd.rzeszow.pl\/?page_id=31\">Ks. mgr Andrzej Szpaczy\u0144ski<\/a><\/p>\n\n\n\n<div style=\"height:100px\" aria-hidden=\"true\" class=\"wp-block-spacer\"><\/div>\n\n\n\n<p><\/p>\n","protected":false},"excerpt":{"rendered":"<p>Biskup Rzeszowski:Ks. Bp Jan W\u0105troba Rektor:Ks. dr hab. Adam Kubi\u015b, prof. KUL Dyrektor Administracyjny:Ks. mgr Bogus\u0142aw Babiarz Prefekt:Ks. dr Mateusz Rachwalski Prefekt etapu propedeutycznego:Ks. dr Krzysztof Golas Ojcowie Duchowni:Ks. mgr Nikodem RybczykKs. mgr Andrzej Szpaczy\u0144ski<\/p>\n","protected":false},"author":16,"featured_media":846,"parent":0,"menu_order":0,"comment_status":"closed","ping_status":"closed","template":"","meta":{"ngg_post_thumbnail":0,"footnotes":""},"class_list":["post-17","page","type-page","status-publish","has-post-thumbnail","hentry"],"_links":{"self":[{"href":"https:\/\/www.wsd.rzeszow.pl\/index.php?rest_route=\/wp\/v2\/pages\/17","targetHints":{"allow":["GET"]}}],"collection":[{"href":"https:\/\/www.wsd.rzeszow.pl\/index.php?rest_route=\/wp\/v2\/pages"}],"about":[{"href":"https:\/\/www.wsd.rzeszow.pl\/index.php?rest_route=\/wp\/v2\/types\/page"}],"author":[{"embeddable":true,"href":"https:\/\/www.wsd.rzeszow.pl\/index.php?rest_route=\/wp\/v2\/users\/16"}],"replies":[{"embeddable":true,"href":"https:\/\/www.wsd.rzeszow.pl\/index.php?rest_route=%2Fwp%2Fv2%2Fcomments&post=17"}],"version-history":[{"count":17,"href":"https:\/\/www.wsd.rzeszow.pl\/index.php?rest_route=\/wp\/v2\/pages\/17\/revisions"}],"predecessor-version":[{"id":15617,"href":"https:\/\/www.wsd.rzeszow.pl\/index.php?rest_route=\/wp\/v2\/pages\/17\/revisions\/15617"}],"wp:featuredmedia":[{"embeddable":true,"href":"https:\/\/www.wsd.rzeszow.pl\/index.php?rest_route=\/wp\/v2\/media\/846"}],"wp:attachment":[{"href":"https:\/\/www.wsd.rzeszow.pl\/index.php?rest_route=%2Fwp%2Fv2%2Fmedia&parent=17"}],"curies":[{"name":"wp","href":"https:\/\/api.w.org\/{rel}","templated":true}]}}