{"id":56,"date":"2020-03-02T16:30:01","date_gmt":"2020-03-02T16:30:01","guid":{"rendered":"https:\/\/server278705.nazwa.pl\/?page_id=56"},"modified":"2025-09-29T14:09:00","modified_gmt":"2025-09-29T13:09:00","slug":"zycie-w-seminarium","status":"publish","type":"page","link":"http:\/\/www.wsd.rzeszow.pl\/?page_id=56","title":{"rendered":"\u017bycie w Seminarium"},"content":{"rendered":"\n<p class=\"has-text-align-center\"><\/p>\n\n\n\n<p><strong>Nasz\u0105 wsp\u00f3lnot\u0119 tworz\u0105:<\/strong><\/p>\n\n\n\n<ul class=\"wp-block-list\">\n<li>moderatorzy<\/li>\n\n\n\n<li>alumni<\/li>\n\n\n\n<li>wyk\u0142adowcy<\/li>\n\n\n\n<li>siostry zakonne<\/li>\n\n\n\n<li>pracownicy \u015bwieccy<\/li>\n<\/ul>\n\n\n\n<p><strong>Moderatorzy Seminarium:<\/strong><\/p>\n\n\n\n<p>Rektor: ks. dr hab. Adam Kubi\u015b, prof. KUL<br>Prefekt: ks. dr Mateusz Rachwalski<br>Prefekt roku propedeutycznego: ks. dr Krzysztof Golas<br>Ojcowie duchowni: ks. mgr Nikodem Rybczyk, ks. mgr Andrzej Szpaczy\u0144ski<br>Dyrektor administracyjny: ks. mgr Bogus\u0142aw Babiarz<\/p>\n\n\n\n<p><strong>Grono wyk\u0142adowc\u00f3w <\/strong>Instytutu Wy\u017cszych Studi\u00f3w Teologicznych tworzy d\u0142uga lista os\u00f3b dost\u0119pna <a href=\"https:\/\/iwst.rzeszow.pl\/wykladowcy\/\" target=\"_blank\" rel=\"noreferrer noopener\">tutaj<\/a>. List\u0119 os\u00f3b zaanga\u017cowanych w wyk\u0142ady dla etapu propedeutycznego mo\u017cna zobaczy\u0107 <a href=\"https:\/\/www.wsd.rzeszow.pl\/?page_id=6209\" target=\"_blank\" rel=\"noreferrer noopener\">tutaj<\/a>.<\/p>\n\n\n\n<p><strong>Formacj\u0119 w pa\u017adzierniku 2025 r. rozpocz\u0119\u0142o 31 alumn\u00f3w na siedmiu rocznikach<\/strong>:<\/p>\n\n\n\n<p>Rok propedeutyczny &#8211; 6 alumn\u00f3w<br>Rok I \u2013 3 alumn\u00f3w<br>Rok II \u2013 6 alumn\u00f3w<br>Rok III \u2013 4 alumn\u00f3w<br>Rok IV \u2013 2 alumn\u00f3w<br>Rok V \u2013 2 alumn\u00f3w<br>Rok VI \u2013 4 alumn\u00f3w<br>Urlopy \u2013 4 alumn\u00f3w<\/p>\n\n\n\n<p>Uroczysta inauguracja roku akademickiego, kt\u00f3rej przewodniczy\u0142 bp Jan W\u0105troba, mia\u0142a miejsce 1 pa\u017adziernika 2025 r. Zobacz relacj\u0119 <a href=\"https:\/\/www.wsd.rzeszow.pl\/?p=15796\">tutaj<\/a>.<\/p>\n\n\n\n<p><strong>Formacja w Seminarium i jej wymiary<\/strong><\/p>\n\n\n\n<p>Wed\u0142ug dokument\u00f3w Ko\u015bcio\u0142a formacja seminaryjna opiera si\u0119 na czterech fundamentach:<\/p>\n\n\n\n<ul class=\"wp-block-list\">\n<li>formacji ludzkiej<\/li>\n\n\n\n<li>formacji duchowej<\/li>\n\n\n\n<li>formacji intelektualnej<\/li>\n\n\n\n<li>formacji duszpasterskiej<\/li>\n<\/ul>\n\n\n\n<p><strong>Formacja ludzka<\/strong><\/p>\n\n\n\n<p>Fundamentem ca\u0142ego przygotowania do kap\u0142a\u0144stwa jest formacja ludzka.&nbsp;Kap\u0142an winien kszta\u0142towa\u0107 sw\u0105 ludzk\u0105 osobowo\u015b\u0107 w taki spos\u00f3b, by stawa\u0107 si\u0119 dla innych pomostem, a nie przeszkod\u0105 w ich spotkaniu z Jezusem Chrystusem Odkupicielem cz\u0142owieka (PDV 43).<\/p>\n\n\n\n<p><strong>Dzia\u0142alno\u015b\u0107 charytatywna<\/strong><\/p>\n\n\n\n<p>Dzia\u0142alno\u015b\u0107 charytatywna obejmuje 10 r\u00f3\u017cnych agend, w ramach kt\u00f3rych klerycy kszta\u0142tuj\u0105 swoj\u0105 wra\u017cliwo\u015b\u0107 na osoby chore i niepe\u0142nosprawne, a jednocze\u015bnie ucz\u0105 si\u0119 dzieli\u0107 swoimi zdolno\u015bciami i talentami z innymi.<\/p>\n\n\n\n<p>Pos\u0142uga kleryk\u00f3w obejmuje:<\/p>\n\n\n\n<ul class=\"wp-block-list\">\n<li>Szpital Wojew\u00f3dzki nr 2 przy ul. Lwowskiej<\/li>\n\n\n\n<li>Oddzia\u0142 Paliatywno-Hospicyjny przy ul. Poniatowskiego<\/li>\n\n\n\n<li>Dom Dziecka \u201eMieszko\u201d przy ul. Nizinnej<\/li>\n\n\n\n<li>Dom Pomocy Spo\u0142ecznej im. J\u00f3zefy Jakli\u0144skiej przy ul. Powsta\u0144c\u00f3w Styczniowych<\/li>\n\n\n\n<li>Dom Pomocy Spo\u0142ecznej dla Kombatant\u00f3w im. Bohater\u00f3w Westerplatte przy ul. Powsta\u0144c\u00f3w \u015al\u0105skich&nbsp;<\/li>\n\n\n\n<li>Fundacja Pomocy M\u0142odzie\u017cy im. Jana Paw\u0142a II przy ul. Hoffmanowej<\/li>\n\n\n\n<li>Regionalna Plac\u00f3wka Opieku\u0144czo-Terapeutyczna \u201eT\u0119czowy Domek\u201d przy ul. Lwowskiej<\/li>\n\n\n\n<li>Duszpasterstwo Os\u00f3b G\u0142uchoniemych przy parafii farnej w Rzeszowie<\/li>\n<\/ul>\n\n\n\n<p><strong>Kultura w Seminarium<\/strong><\/p>\n\n\n\n<p>W formacji ludzkiej wa\u017cne znaczenie ma kultura.&nbsp;W roku akademickim klerycy przygotowuj\u0105 dwa przedstawienia (Wieczornica patriotyczna \u2013 rok I i II ; Wieczornica \u201emiko\u0142ajowa\u201d \u2013 rok IV, V i VI). Istnieje tak\u017ce mo\u017cliwo\u015b\u0107 wyj\u015b\u0107 do filharmonii, kina i teatru. Do seminarium zapraszani s\u0105 r\u00f3wnie\u017c ciekawi go\u015bcie i prelegenci aktywnie uczestnicz\u0105cy w \u017cyciu Ko\u015bcio\u0142a lub anga\u017cuj\u0105cy si\u0119 w \u017cycie spo\u0142eczne.<\/p>\n\n\n\n<p><strong>Ch\u00f3r seminaryjny<\/strong><\/p>\n\n\n\n<p>Trwale w \u017cycie naszej wsp\u00f3lnoty wpisuje si\u0119 dzia\u0142alno\u015b\u0107 ch\u00f3ru, kt\u00f3ry u\u015bwietnia ro\u017cne uroczysto\u015bci w seminarium oraz poza nim.<\/p>\n\n\n\n<p><strong>Formacja duchowa<\/strong><\/p>\n\n\n\n<p>Sercem seminaryjnego przygotowania do kap\u0142a\u0144stwa jest zawsze formacja duchowa.&nbsp;\u201eFormacja duchowa (\u2026) powinna by\u0107 tak prowadzona, aby alumni nauczyli si\u0119 \u017cy\u0107 za\u017cy\u0142ej i nieustannej \u0142\u0105czno\u015bci z Ojcem przez Syna Jego Jezusa Chrystusa w Duchu \u015awi\u0119tym\u201d (DFK 8).<\/p>\n\n\n\n<p>W procesie formacji duchowej wa\u017cn\u0105 rol\u0119 odgrywaj\u0105:<\/p>\n\n\n\n<ul class=\"wp-block-list\">\n<li>Modlitwa liturgiczna<\/li>\n\n\n\n<li>Modlitwa indywidualna<\/li>\n\n\n\n<li>Rekolekcje (dwa razu do roku)<\/li>\n\n\n\n<li>Dni skupienia (raz w miesi\u0105cu)<\/li>\n\n\n\n<li>Kierownictwo duchowe<\/li>\n\n\n\n<li>Pielgrzymki&nbsp;<\/li>\n\n\n\n<li>Inne wydarzenia religijne<\/li>\n<\/ul>\n\n\n\n<p><strong>Formacja intelektualna<\/strong><\/p>\n\n\n\n<p>Formacja intelektualna (\u2026) jawi si\u0119 jako nieustanna potrzeba rozumu, dzi\u0119ki kt\u00f3remu cz\u0142owiek \u201euczestniczy w \u015bwietle Bo\u017cej my\u015bli\u201d i stara si\u0119 zdoby\u0107 m\u0105dro\u015b\u0107, kt\u00f3ra z kolei uzdalnia go i prowadzi do poznania i przylgni\u0119cia do Boga (PDV 51). Podstaw\u0105 formacji intelektualnej s\u0105 <strong>studia filozoficzne i teologiczne<\/strong> oraz w\u0142asna praca alumn\u00f3w. Ukoronowaniem formacji intelektualnej jest <strong>egzamin magisterski <\/strong>sk\u0142adany przed komisj\u0105 powo\u0142an\u0105 przez rektora Uniwersytetu Papieskiego Jana Paw\u0142a II w Krakowie, po\u0142\u0105czony z obron\u0105 pracy magisterskiej.<\/p>\n\n\n\n<p>S\u0142u\u017cebn\u0105 rol\u0119 w kszta\u0142ceniu intelektualnym stanowi <strong>Biblioteka Instytutu Teologiczno-Pastoralnego i Wy\u017cszego Seminarium Duchownego w Rzeszowie<\/strong>. Ilo\u015b\u0107 skatalogowanych wolumin\u00f3w wynosi obecnie oko\u0142o 50 tysi\u0119cy. Dzia\u0142 czasopism biblioteki liczy 576 tytu\u0142\u00f3w. Nadal katalogowane s\u0105 zbiory XIX-wieczne.<\/p>\n\n\n\n<p><strong>Formacja duszpasterska<\/strong><\/p>\n\n\n\n<p>Ca\u0142e kszta\u0142towanie alumn\u00f3w winno zmierza\u0107 do tego, aby na wz\u00f3r Pana naszego Jezusa Chrystusa, Nauczyciela, Kap\u0142ana i Pasterza wyrabiali si\u0119 oni na prawdziwych duszpasterzy (DFK 4). Przygotowaniu do pracy duszpasterskiej s\u0142u\u017cy\u0142y wyk\u0142ady i \u0107wiczenia z katechetyki, homiletyki, liturgiki, teologii pastoralnej oraz muzyki. Alumni roku IV, V i VI w ramach tych praktyk w ci\u0105gu roku i podczas wakacji odbywali hospitacje, przygotowywali i prowadzili katechezy, przygotowywali homilie oraz spotkania z grupami parafialnymi. Dla roku VI zosta\u0142 zorganizowany kurs duszpasterski.<\/p>\n\n\n\n<p>W naszym seminarium rozmaite zespo\u0142y duszpasterskie, a w\u015br\u00f3d nich ko\u0142o charytatywne, misyjne, powo\u0142aniowe i trze\u017awo\u015bciowe. Ponadto rozwin\u0119\u0142o si\u0119 nasze duszpasterstwo powo\u0142aniowe, tworz\u0105c codzienn\u0105 \u0142\u0105czno\u015b\u0107&nbsp;z parafiami diecezji (tzw. Most modlitewny).<\/p>\n\n\n\n<p>Okazj\u0105 do zdobywania duszpasterskiego do\u015bwiadczenia by\u0142y praktyki wakacyjne. Podczas wakacji alumni bior\u0105 udzia\u0142 w turnusach organizowanych w ramach rozmaitych duszpasterstw:<\/p>\n\n\n\n<ul class=\"wp-block-list\">\n<li>Ruchu \u015awiat\u0142o \u2013 \u017bycie<\/li>\n\n\n\n<li>Liturgicznej S\u0142u\u017cby O\u0142tarza<\/li>\n\n\n\n<li>Katolickiego Stowarzyszenia M\u0142odzie\u017cy<\/li>\n\n\n\n<li>Ruchu Apostolstwa M\u0142odzie\u017cy<\/li>\n\n\n\n<li>Ruchu Domowego Ko\u015bcio\u0142a<\/li>\n\n\n\n<li>Pieszej Pielgrzymki na Jasn\u0105 G\u00f3r\u0119<\/li>\n\n\n\n<li>Og\u00f3lnopolskiej Pielgrzymki do Lwowa<\/li>\n\n\n\n<li>Pielgrzymowania &#8222;Camino de Santiago&#8221;<\/li>\n\n\n\n<li>Pielgrzymki do Ziemi \u015awi\u0119tej<\/li>\n<\/ul>\n","protected":false},"excerpt":{"rendered":"<p>Nasz\u0105 wsp\u00f3lnot\u0119 tworz\u0105: Moderatorzy Seminarium: Rektor: ks. dr hab. Adam Kubi\u015b, prof. KULPrefekt: ks. dr Mateusz RachwalskiPrefekt roku propedeutycznego: ks. dr Krzysztof GolasOjcowie duchowni: ks. mgr Nikodem Rybczyk, ks. mgr Andrzej Szpaczy\u0144skiDyrektor administracyjny: ks. mgr Bogus\u0142aw Babiarz Grono wyk\u0142adowc\u00f3w Instytutu Wy\u017cszych Studi\u00f3w Teologicznych tworzy d\u0142uga lista os\u00f3b dost\u0119pna tutaj. List\u0119 [&hellip;]<\/p>\n","protected":false},"author":16,"featured_media":191,"parent":0,"menu_order":0,"comment_status":"closed","ping_status":"closed","template":"","meta":{"ngg_post_thumbnail":0,"footnotes":""},"class_list":["post-56","page","type-page","status-publish","has-post-thumbnail","hentry"],"_links":{"self":[{"href":"http:\/\/www.wsd.rzeszow.pl\/index.php?rest_route=\/wp\/v2\/pages\/56","targetHints":{"allow":["GET"]}}],"collection":[{"href":"http:\/\/www.wsd.rzeszow.pl\/index.php?rest_route=\/wp\/v2\/pages"}],"about":[{"href":"http:\/\/www.wsd.rzeszow.pl\/index.php?rest_route=\/wp\/v2\/types\/page"}],"author":[{"embeddable":true,"href":"http:\/\/www.wsd.rzeszow.pl\/index.php?rest_route=\/wp\/v2\/users\/16"}],"replies":[{"embeddable":true,"href":"http:\/\/www.wsd.rzeszow.pl\/index.php?rest_route=%2Fwp%2Fv2%2Fcomments&post=56"}],"version-history":[{"count":33,"href":"http:\/\/www.wsd.rzeszow.pl\/index.php?rest_route=\/wp\/v2\/pages\/56\/revisions"}],"predecessor-version":[{"id":19607,"href":"http:\/\/www.wsd.rzeszow.pl\/index.php?rest_route=\/wp\/v2\/pages\/56\/revisions\/19607"}],"wp:featuredmedia":[{"embeddable":true,"href":"http:\/\/www.wsd.rzeszow.pl\/index.php?rest_route=\/wp\/v2\/media\/191"}],"wp:attachment":[{"href":"http:\/\/www.wsd.rzeszow.pl\/index.php?rest_route=%2Fwp%2Fv2%2Fmedia&parent=56"}],"curies":[{"name":"wp","href":"https:\/\/api.w.org\/{rel}","templated":true}]}}