{"id":52,"date":"2020-03-02T16:28:48","date_gmt":"2020-03-02T16:28:48","guid":{"rendered":"https:\/\/server278705.nazwa.pl\/?page_id=52"},"modified":"2024-02-29T17:35:14","modified_gmt":"2024-02-29T17:35:14","slug":"formacja-ludzka","status":"publish","type":"page","link":"http:\/\/www.wsd.rzeszow.pl\/?page_id=52","title":{"rendered":"Formacja ludzka"},"content":{"rendered":"\n<p>Formacja ludzka jest jednym z wielu czynnik\u00f3w wp\u0142ywaj\u0105cych na og\u00f3lny rozw\u00f3j alumna przygotowuj\u0105cego si\u0119 do \u015bwi\u0119ce\u0144. W pracy nad sob\u0105 i nad swoim charakterem nie mo\u017cna zapomnie\u0107 o tak elementarnych i fundamentalnych sprawach jak: og\u00f3lna i podstawowa kultura osobista, zdrowie, zacie\u015bnienie wi\u0119zi kole\u017ce\u0144skich z innymi alumnami, itp. Nie mo\u017cna tak\u017ce zapomnie\u0107 o uprzejmo\u015bci, wra\u017cliwo\u015bci i dobroci. Naczeln\u0105 zasad\u0105 formacji ludzkiej, przejawiaj\u0105cej si\u0119 w szacunku i mi\u0142o\u015bci wobec ka\u017cdego innego cz\u0142owieka jest osobowe traktowanie.<\/p>\n\n\n\n<p>W zakres formacji ludzkiej wchodzi wiele istotnych spraw. Sk\u0142ada si\u0119 na ni\u0105 urzeczywistnianie prawdziwego cz\u0142owiecze\u0144stwa, formowanie sumienia, kszta\u0142towanie wolno\u015bci i odpowiedzialno\u015bci.<\/p>\n\n\n\n<p>Pewn\u0105 pomoc w tej formacji stanowi seminaryjny plan dnia. On to ma kszta\u0142towa\u0107 osobowo\u015b\u0107 kleryka do \u017cycia odpowiedzialnego. W WSD w Rzeszowie przedstawia si\u0119 on najog\u00f3lniej tak:<\/p>\n\n\n\n<p>O 5.30 wstawanie &#8211; z wyj\u0105tkiem czwartk\u00f3w i niedziel, kiedy pobudka jest o 6.00; potem rozmy\u015blanie, Eucharystia, \u015bniadanie, wyk\u0142ady, obiad, rekreacja, studium, nabo\u017ce\u0144stwo, kolacja, rekreacja, lektura duchowa, czas na osobist\u0105 modlitw\u0119 przed Naj\u015bwi\u0119tszym Sakramentem, zako\u0144czenie dnia i spoczynek o 22.00.<\/p>\n\n\n\n<p>Organizowane s\u0105 wyj\u015bcia do teatru i do kina. W Seminarium istnieje tak\u017ce mo\u017cliwo\u015b\u0107 ogl\u0105dania program\u00f3w telewizyjnych i film\u00f3w.<\/p>\n\n\n\n<p>Tak\u017ce i przez sport klerycy naszego Seminarium rozwijaj\u0105 swoje zdolno\u015bci. Istnieje mo\u017cliwo\u015b\u0107 cotygodniowego wyj\u015bcia na basen. Tak\u017ce w budynku WSD mo\u017cna skorzysta\u0107 z sali gimnastycznej, z si\u0142owni, jak r\u00f3wnie\u017c zagra\u0107 w pi\u0142k\u0119 no\u017cn\u0105 lub siatk\u00f3wk\u0119 na boisku seminaryjnym.<\/p>\n\n\n\n<p>Formacji ludzkiej sprzyja tak\u017ce wsp\u00f3lna praca w budynku i w jego otoczeniu. Ka\u017cdy z alumn\u00f3w jest tak\u017ce zobowi\u0105zany do tygodniowego dy\u017curu w Seminarium w ramach praktyki wakacyjnej.<\/p>\n\n\n\n<p>Wa\u017cn\u0105 rol\u0119 odgrywa tak\u017ce formacja muzyczna. W Seminarium dzia\u0142a ch\u00f3r. Jest to forma aktywno\u015bci bardzo lubiana i doceniana przez kleryk\u00f3w. Zacie\u015bnianie wi\u0119zi kole\u017ce\u0144skich jest kolejn\u0105 wa\u017cn\u0105 spraw\u0105 w \u017cyciu zar\u00f3wno kleryka jak i kap\u0142ana. W Seminarium odbywa si\u0119 to przez wsp\u00f3lne spotkania kole\u017ce\u0144skie, przez wsp\u00f3lne prze\u017cywanie imienin, urodzin, przez wsp\u00f3lne \u0142amanie si\u0119 op\u0142atkiem przed \u015bwi\u0119tami Bo\u017cego Narodzenia. \u017baden z nas nie mo\u017ce zapomnie\u0107 o tym, \u017ce \u017cyje w\u015br\u00f3d ludzi i do ludzi b\u0119dzie pos\u0142any. B\u0119dzie musia\u0142 znale\u017a\u0107 si\u0119 w towarzystwie zar\u00f3wno duchownych jak i \u015bwieckich.<\/p>\n\n\n\n<p>Nad ca\u0142o\u015bci\u0105 \u017cycia seminaryjnego i ca\u0142ej formacji czuwa Ksi\u0105dz Rektor wraz z gronem Ksi\u0119\u017cy Profesor\u00f3w i Wychowawc\u00f3w, a tak\u017ce Klerycki Samorz\u0105d Seminaryjny. W sk\u0142ad tego\u017c samorz\u0105du wchodz\u0105: dziekan alumn\u00f3w i jego zast\u0119pca, ceremoniarz wraz z zast\u0119pc\u0105, a tak\u017ce sze\u015bciu duktor\u00f3w kurs\u00f3w. Ka\u017cdy z kleryk\u00f3w w miar\u0119 swoich mo\u017cliwo\u015bci stara si\u0119 pom\u00f3c kolegom, kt\u00f3rzy piastuj\u0105 wa\u017cne dla ca\u0142ej wsp\u00f3lnoty urz\u0119dy.<\/p>\n\n\n\n<p>Nie mo\u017cna tak\u017ce zapomnie\u0107 o czasopi\u015bmie seminaryjnym \u201eZnak \u0141aski\u201d. W jego wydawanie zaanga\u017cowani s\u0105 klerycy, kt\u00f3rzy pragn\u0105 przybli\u017cy\u0107 czytelnikom \u017cycie i wydarzenia z Seminarium.<br><\/p>\n\n\n\n<p>Codzienni w czasie wolnym od zaj\u0119\u0107, czyli na tzw. rekreacji alumni mog\u0105 wyj\u015b\u0107 na spacer. W czwartek za\u015b i w niedziel\u0119 przechadzka po obiedzie trwa do godziny 17.00. Mo\u017cna wtedy po\u015bwi\u0119ci\u0107 czas na d\u0142u\u017cszy spacer lub za\u0142atwienie wa\u017cnych sprawunk\u00f3w. Istnieje tak\u017ce mo\u017cliwo\u015b\u0107 wyj\u015bcia na boisko sportowe dla ch\u0119tnych, aby popo\u0142udnie sp\u0119dzi\u0107 na zaj\u0119ciach sportowych.<\/p>\n\n\n\n<p>Alumni w szczeg\u00f3lny spos\u00f3b podtrzymuj\u0105 wi\u0119zi ze swoimi rodzinami. Go\u015bcie mog\u0105 odwiedza\u0107 kleryk\u00f3w w niedziele i w czwartki od 13.00 do 17.00. Alumni wyje\u017cd\u017caj\u0105 do swoich rodzin na Uroczysto\u015b\u0107 Wszystkich \u015awi\u0119tych, na Bo\u017ce Narodzenie, w przerwie mi\u0119dzy semestrami, na Wielkanoc, na prymicje oraz w pilnych potrzebach.<br><\/p>\n\n\n\n<p>Dokument \u201eZasady formacji kap\u0142a\u0144skiej w Polsce\u201d w punkcie 150 m\u00f3wi: \u201eFormacja powo\u0142anych do kap\u0142a\u0144stwa, b\u0119d\u0105c z\u0142o\u017conym procesem rozwojowym powinna obejmowa\u0107 ca\u0142\u0105 osob\u0119 powo\u0142anego, uwzgl\u0119dnia\u0107 wszystkie aspekty jego osobowo\u015bci i warunk\u00f3w, w kt\u00f3rych on si\u0119 znajduje, jak te\u017c mie\u0107 na wzgl\u0119dzie i realizowa\u0107 cel tego dzia\u0142ania. Drog\u0105 za\u015b do zdobywania nieodzownej dojrza\u0142o\u015bci osobowej jest mi\u0142o\u015b\u0107 na wz\u00f3r Chrystusa\u201d.<\/p>\n\n\n\n<p>Szczeg\u00f3\u0142owe zasady<\/p>\n\n\n\n<p>W seminarium jest podejmowanych wiele prac i zada\u0144, kt\u00f3re sprawiaj\u0105, \u017ce Seminarium mo\u017ce sprawnie funkcjonowa\u0107<\/p>\n\n\n\n<p>Praca<\/p>\n\n\n\n<p>Klerycy WSD w Rzeszowie w ramach czasu wolnego, a niekiedy tak\u017ce poza nim, podejmuj\u0105 r\u00f3\u017cne prace na terenie seminarium i w obej\u015bciu. Nie brakuje tak\u017ce pracy w ogrodzie, gdzie alumni pomagaj\u0105 ogrodnikowi w takich pracach jak: sadzenie kwiat\u00f3w i drzewek, plewienie grz\u0105dek i kraw\u0119\u017cnik\u00f3w, koszenie trawnika i podlewanie rabatek z kwiatami.<\/p>\n\n\n\n<p>Tak\u017ce wewn\u0105trz budynku nie brakuje pracy. Wa\u017cne jest utrzymanie porz\u0105dku: we w\u0142asnych pokojach, na korytarzach, w rozm\u00f3wnicach i pokojach go\u015bcinnych, w salach wyk\u0142adowych oraz w kaplicy. Prace porz\u0105dkowe na korytarzach odbywaj\u0105 na zasadzie dy\u017cur\u00f3w tygodniowych. W seminarium nie pracuj\u0105 kelnerzy, natomiast przynoszenie posi\u0142k\u00f3w do sto\u0142u i sprz\u0105tanie po posi\u0142kach, to kolejna praca, jaka czeka na kleryka. Dy\u017cur na refektarzu trwa przez tydzie\u0144. Wi\u0119kszo\u015b\u0107 tych prac, w porozumieniu z odpowiedzialnymi za poszczeg\u00f3lne agendy, koordynuje dziekan alumn\u00f3w, kt\u00f3ry stosownie do zapotrzebowania posy\u0142a kleryk\u00f3w do wy\u017cej wymienionych prac. List\u0119 tych, kt\u00f3rzy maj\u0105 podj\u0105\u0107 prac\u0119 w danym dniu, dziekan og\u0142asza podczas obiadu. Przez swoj\u0105 prac\u0119, klerycy przyczyniaj\u0105 si\u0119 do dobra ca\u0142ej wsp\u00f3lnoty seminaryjnej, przez co buduje si\u0119 jedno\u015b\u0107 i wsp\u00f3\u0142odpowiedzialno\u015b\u0107 kleryk\u00f3w.<\/p>\n\n\n\n<p>Rekreacja<\/p>\n\n\n\n<p>Czas przeznaczony na rekreacj\u0119 przewidziany jest codziennie po obiedzie i po kolacji. Rekreacj\u0119 poobiedni\u0105 klerycy zazwyczaj przeznaczaj\u0105 na spacer po ogrodzie lub w okolicy seminarium. W tym tak\u017ce czasie przewidziana jest tak\u017ce praca kleryk\u00f3w w zale\u017cno\u015bci od potrzeb. Rekreacja po kolacji tak\u017ce mo\u017ce by\u0107 przeznaczona na spacer po \u015bwie\u017cym powietrzu. W czasie tej rekreacji klerycy zazwyczaj przegl\u0105daj\u0105 pras\u0119 w czytelni czasopism albo ogl\u0105daj\u0105 wiadomo\u015bci telewizyjne w sali rekreacyjnej. Rekreacja zar\u00f3wno popo\u0142udniowa, jak i wieczorna to tak\u017ce dobry czas, aby zrobi\u0107 porz\u0105dki w swoich pokojach albo zrobi\u0107 pranie itd. W niedziel\u0119 po \u015bniadaniu jest czas wolny, kt\u00f3ry klerycy przeznaczaj\u0105 na wsp\u00f3lne spotkania w gronie kole\u017ce\u0144skim. Rekreacja pomaga w odpr\u0119\u017ceniu umys\u0142u po wyk\u0142adach i studium. Wa\u017cne jest wi\u0119c, aby t\u0119 rekreacj\u0119 dobrze wykorzysta\u0107, co jest niezb\u0119dne dla zdrowia fizycznego i psychicznego.<\/p>\n\n\n\n<p>Kultura<\/p>\n\n\n\n<p>\u201eFormacja powo\u0142anych do kap\u0142a\u0144stwa, b\u0119d\u0105c z\u0142o\u017conym procesem rozwojowym powinna obejmowa\u0107 ca\u0142\u0105 osob\u0119 powo\u0142anego, uwzgl\u0119dnia\u0107 wszystkie aspekty jego osobowo\u015bci i warunk\u00f3w w kt\u00f3rych on si\u0119 znajduje, jak te\u017c mie\u0107 na wzgl\u0119dzie i realizowa\u0107 cel tego dzia\u0142ania\u201d (Ratio insitutionis sacerdotalis pro Polonia, nr 150). Sprawie wszechstronnej formacji ludzkiej s\u0142u\u017cy swobodny kontakt z szeroko rozumian\u0105 kultur\u0105 tworzon\u0105 w \u015brodowisku rzeszowskim. Alumni uczestnicz\u0105 w imprezach muzycznych organizowanych przez rzeszowsk\u0105 Filharmoni\u0119 im. Artura Malawskiego. Tak\u017ce spektakle na ma\u0142ej i du\u017cej scenie Teatru im. Wandy Siemaszkowej ciesz\u0105 si\u0119 du\u017c\u0105 popularno\u015bci\u0105. Zainteresowanie sztuk\u0105 teatraln\u0105 znajduje swe odbicie w licznych inscenizacjach organizowanych przez amatorskie zespo\u0142y kleryckie. Regularnie odbywaj\u0105 si\u0119 r\u00f3wnie\u017c spotkania z kinem polskim i \u015bwiatowym.<\/p>\n\n\n\n<p>Sport<\/p>\n\n\n\n<p>Dlaczego sport w seminarium? Poniewa\u017c: sport sprzyja zachowaniu zdrowia oraz rozwija cechy osobowo\u015bci charakteru: wytrwa\u0142o\u015b\u0107, siln\u0105 wol\u0119, zdyscyplinowanie. W sporcie zawodowym celem podstawowym jest osi\u0105gni\u0119cie jak najlepszych rezultat\u00f3w w zawodach r\u00f3\u017cnych szczebli. Wymaga to odpowiedniego przygotowania og\u00f3lnego i specjalnego przez treningi pod opiek\u0105 wykwalifikowanych trener\u00f3w. Sport seminaryjny ma cechy bardziej rekreacyjne ni\u017c nastawienie na osi\u0105gni\u0119cie konkretnych wynik\u00f3w. Uprawiany jest jako czynny wypoczynek, s\u0142u\u017cy odpr\u0119\u017ceniu po pracy umys\u0142owej, regeneracji si\u0142, utrzymaniu sprawno\u015bci fizycznej i dobrego stanu zdrowia. Sport jest bardzo potrzebny, poprawia samopoczucie, pozwala utraci\u0107 zb\u0119dne kalorie, udoskonali\u0107 zdolno\u015bci sportowe. Wielu bowiem przychodz\u0105c do Seminarium uprawia\u0142o jak\u0105\u015b form\u0119 sportu, czy to czynnie czy to w celach rekreacyjnych. Mog\u0105 wi\u0119c oni w dalszym ci\u0105gu kontynuowa\u0107 swoje zainteresowania w tej samej formie lub jej podobnej.<\/p>\n\n\n\n<p>Samorz\u0105d<\/p>\n\n\n\n<p>Samorz\u0105d klerycki tworz\u0105: dziekan alumn\u00f3w i jego zast\u0119pca, ceremoniarze (kleryk czuwaj\u0105cy nad prawid\u0142owym dzia\u0142aniem kleryckiej s\u0142u\u017cby o\u0142tarza) i duktorzy rocznik\u00f3w szefowie poszczeg\u00f3lnych rocznik\u00f3w). Funkcja dziekana, jego zast\u0119pcy i ceremoniarza powierzana jest klerykom, mianowanym przez Kolegium Ksi\u0119\u017cy Prze\u0142o\u017conych Seminarium. Duktorzy s\u0105 wybierani przez koleg\u00f3w z poszczeg\u00f3lnych lat studi\u00f3w i zatwierdzani przez Rektorat Seminarium. Zadaniem Samorz\u0105du jest uczestniczenie w organizowaniu i funkcjonowaniu Seminarium. Spostrze\u017cenia, uwagi i propozycje dotycz\u0105ce \u017cycia seminaryjnego s\u0105 przedstawiane i rozwa\u017cane na spotkaniach Rady Kleryckiej.<\/p>\n\n\n\n<div style=\"height:100px\" aria-hidden=\"true\" class=\"wp-block-spacer\"><\/div>\n\r\n","protected":false},"excerpt":{"rendered":"<p>Formacja ludzka jest jednym z wielu czynnik\u00f3w wp\u0142ywaj\u0105cych na og\u00f3lny rozw\u00f3j alumna przygotowuj\u0105cego si\u0119 do \u015bwi\u0119ce\u0144. W pracy nad sob\u0105 i nad swoim charakterem nie mo\u017cna zapomnie\u0107 o tak elementarnych i fundamentalnych sprawach jak: og\u00f3lna i podstawowa kultura osobista, zdrowie, zacie\u015bnienie wi\u0119zi kole\u017ce\u0144skich z innymi alumnami, itp. Nie mo\u017cna tak\u017ce [&hellip;]<\/p>\n","protected":false},"author":16,"featured_media":183,"parent":0,"menu_order":0,"comment_status":"closed","ping_status":"closed","template":"","meta":{"ngg_post_thumbnail":0,"footnotes":""},"class_list":["post-52","page","type-page","status-publish","has-post-thumbnail","hentry"],"_links":{"self":[{"href":"http:\/\/www.wsd.rzeszow.pl\/index.php?rest_route=\/wp\/v2\/pages\/52","targetHints":{"allow":["GET"]}}],"collection":[{"href":"http:\/\/www.wsd.rzeszow.pl\/index.php?rest_route=\/wp\/v2\/pages"}],"about":[{"href":"http:\/\/www.wsd.rzeszow.pl\/index.php?rest_route=\/wp\/v2\/types\/page"}],"author":[{"embeddable":true,"href":"http:\/\/www.wsd.rzeszow.pl\/index.php?rest_route=\/wp\/v2\/users\/16"}],"replies":[{"embeddable":true,"href":"http:\/\/www.wsd.rzeszow.pl\/index.php?rest_route=%2Fwp%2Fv2%2Fcomments&post=52"}],"version-history":[{"count":4,"href":"http:\/\/www.wsd.rzeszow.pl\/index.php?rest_route=\/wp\/v2\/pages\/52\/revisions"}],"predecessor-version":[{"id":7976,"href":"http:\/\/www.wsd.rzeszow.pl\/index.php?rest_route=\/wp\/v2\/pages\/52\/revisions\/7976"}],"wp:featuredmedia":[{"embeddable":true,"href":"http:\/\/www.wsd.rzeszow.pl\/index.php?rest_route=\/wp\/v2\/media\/183"}],"wp:attachment":[{"href":"http:\/\/www.wsd.rzeszow.pl\/index.php?rest_route=%2Fwp%2Fv2%2Fmedia&parent=52"}],"curies":[{"name":"wp","href":"https:\/\/api.w.org\/{rel}","templated":true}]}}