{"id":50,"date":"2020-03-02T16:28:34","date_gmt":"2020-03-02T16:28:34","guid":{"rendered":"https:\/\/server278705.nazwa.pl\/?page_id=50"},"modified":"2024-03-08T17:03:25","modified_gmt":"2024-03-08T16:03:25","slug":"formacja-intelektualna","status":"publish","type":"page","link":"http:\/\/www.wsd.rzeszow.pl\/?page_id=50","title":{"rendered":"Formacja intelektualna"},"content":{"rendered":"\n<p>\nCelem formacji intelektualnej jest przygotowanie alumn\u00f3w do g\u0142\u0119bokiego wnikni\u0119cia w S\u0142owo Bo\u017ce, wzrostu w \u017cyciu duchowym i przygotowanie si\u0119 do wype\u0142niania pos\u0142ugi pasterskiej (por. PDV 51).<\/p>\n\n\n\n<p>Alumni Wy\u017cszego Seminarium Duchownego w Rzeszowie s\u0105 studentami <strong><a href=\"https:\/\/iwst.rzeszow.pl\/\" target=\"_blank\" rel=\"noreferrer noopener\">Instytutu Wy\u017cszych Studi\u00f3w Teologicznych w Rzeszowie<\/a><\/strong> (IWST). Studia w instytucie trwaj\u0105 jedena\u015bcie semestr\u00f3w (5,5 roku). Nale\u017c\u0105 one do studi\u00f3w o profilu humanistycznym (filozofia) i teologicznym. S\u0105 to jednolite, dzienne studia magisterskie. Przedmioty filozoficzne wyk\u0142adane s\u0105 na pierwszych dw\u00f3ch latach, teologiczne zasadniczo od roku III do VI. Program studi\u00f3w obejmuje, opr\u00f3cz przedmiot\u00f3w filozoficznych i teologicznych, wyk\u0142ady z pedagogiki, psychologii, literatury religijnej oraz lektoraty j\u0119zykowe. Obowi\u0105zkowe s\u0105 lektoraty z j\u0119zyk\u00f3w: greckiego, \u0142aci\u0144skiego i wybranego j\u0119zyka nowo\u017cytnego. Istnieje tak\u017ce mo\u017cliwo\u015b\u0107 poznania j\u0119zyka migowego. Szczeg\u00f3\u0142owy <strong>program studi\u00f3w<\/strong> mo\u017cna zobaczy\u0107 <strong><a href=\"https:\/\/iwst.rzeszow.pl\/strefa-studenta\/dokumenty\/teologia-kaplanska\/#plany_studiw\" target=\"_blank\" rel=\"noreferrer noopener\">tutaj<\/a><\/strong> oraz  <strong><a href=\"https:\/\/iwst.rzeszow.pl\/strefa-studenta\/plany-zajec\/teologia-o-specjalizacji-kaplanskiej\/\" target=\"_blank\" rel=\"noreferrer noopener\">tutaj<\/a><\/strong>. Lista wyk\u0142adowc\u00f3w IWST znajduje si\u0119 <a href=\"https:\/\/iwst.rzeszow.pl\/wykladowcy\/\" target=\"_blank\" rel=\"noreferrer noopener\">tutaj<\/a>.<\/p>\n\n\n\n<p><strong>Rok akademicki<\/strong> w IWST, podobnie jak na innych studiach wy\u017cszych, sk\u0142ada si\u0119 z dw\u00f3ch semestr\u00f3w. Ka\u017cdy semestr ko\u0144czy sesja egzaminacyjna, kt\u00f3r\u0105 poprzedza okres zalicze\u0144. Zdobycie wszystkich zalicze\u0144 jest warunkiem dopuszczenia do sesji. Uzyskanie pozytywnych ocen z wszystkich egzamin\u00f3w jest konieczne do zaliczenia <strong>sesji egzaminacyjnej<\/strong> i dopuszczenia do nast\u0119pnego semestru studi\u00f3w. W przypadku negatywnego wyniku egzaminu student ma prawo do jego powt\u00f3rzenia w tzw. sesji poprawkowej. Sesja ta trwa oko\u0142o dwa tygodnie. Zaczyna si\u0119 po przerwie semestralnej w przypadku sesji zimowej oraz po wakacjach w przypadku sesji letniej. Je\u015bli i ta pr\u00f3ba si\u0119 nie powiedzie, student mo\u017ce zosta\u0107 dopuszczony do egzaminu komisyjnego. Studia ko\u0144czy <strong>egzamin magisterski<\/strong> tzw. <em>Theologicum<\/em>, obejmuj\u0105cy: teologi\u0119 biblijn\u0105, teologi\u0119 dogmatyczna, teologi\u0119 fundamentaln\u0105, teologi\u0119 moraln\u0105 oraz zagadnienia z dziedziny przedstawionej w pracy magisterskiej.<\/p>\n\n\n\n<p><strong>Seminaria naukowe i magisterium<\/strong><\/p>\n\n\n\n<p>Studia w IWST umo\u017cliwiaj\u0105 zdobycie <strong>tytu\u0142u<\/strong> <strong>magistra teologii<\/strong>. Od sierpnia 1994 r. WSD w Rzeszowie by\u0142o afiliowane do Wydzia\u0142u Teologicznego Papieskiej Akademii Teologicznej w Krakowie. Od 2022 r., powo\u0142any do \u017cycia IWST, afiliowany jest do Wydzia\u0142u Teologicznego Uniwersytetu Papieskiego Jana Paw\u0142a II w Krakowie. W celu uzyskania tytu\u0142u magistra teologii nale\u017cy przedstawi\u0107 prac\u0119, zakwalifikowan\u0105 jako magistersk\u0105 oraz zda\u0107 egzamin magisterski. Pocz\u0105wszy od trzeciego roku studi\u00f3w ka\u017cdy kleryk wybiera sobie <strong>seminarium naukowe<\/strong>, w kt\u00f3rym b\u0119dzie uczestniczy\u0142 przez cztery lata. Przygotowaniem do napisania pracy magisterskiej jest tzw. proseminarium, dzi\u0119ki kt\u00f3remu student zapoznaje si\u0119 z metodologi\u0105 pracy naukowej. Wi\u0119cej szczeg\u00f3\u0142\u00f3w zob. <strong><a href=\"https:\/\/iwst.rzeszow.pl\/strefa-studenta\/dokumenty\/teologia-kaplanska\/#praca_magisterska\">tutaj<\/a><\/strong>.<\/p>\n\n\n\n<p><strong>Studium w\u0142asne<\/strong><\/p>\n\n\n\n<p>Studia polegaj\u0105 g\u0142\u00f3wnie na samodzielnej pracy, lekturze, poszukiwaniu. Dlatego bardzo wa\u017cny jest czas przeznaczony na nauk\u0119 w\u0142asn\u0105. Ka\u017cdego dnia w programie seminarium (tzw. regulaminie) jest zarezerowany czas tzw. studium. Trwa ono cztery godziny z p\u00f3\u0142godzinn\u0105 przerw\u0105. W czasie studium mo\u017cna korzysta\u0107 z wyk\u0142ad\u00f3wek oraz biblioteki w kt\u00f3rej znajduj\u0105 si\u0119 dedykowane poszczeg\u00f3lnym specjalizacjom teologicznym zak\u0142ady naukowe. Dzi\u0119ki zak\u0142adom (historii Ko\u015bcio\u0142a, patrologii, historii sztuki, filozofii, teologii dogmatycznej, fundamentalnej, moralnej, liturgiki, katechetyki, homiletyki i nauk biblijnych) mamy dost\u0119p do cennych pomocy w nauce. Podstaw\u0105 formacji intelektualnej jest rzetelno\u015b\u0107 i pracowito\u015b\u0107 w czasie studium.<\/p>\n\n\n\n<p><strong>Biblioteka<\/strong><\/p>\n\n\n\n<p>Biblioteka WSD liczy ok. 60 tys. wolumin\u00f3w z czego ok. 50 tys. skatalogowanych oraz ponad 250 tytu\u0142\u00f3w czasopism. Ka\u017cdego roku ksi\u0119gozbi\u00f3r wzbogaca si\u0119 o ponad 2000 pozycji ksi\u0105\u017ckowych; cz\u0119\u015b\u0107 z nich pochodzi z darowizn. Ponadto biblioteka prenumeruje ponad 100 r\u00f3\u017cnego rodzaju periodyk\u00f3w i czasopism naukowych. W bibliotece znajduj\u0105 si\u0119 z zbiory z zakresu teologii, filozofii, kultury, psychologii, literatury, historii i sztuki. Bogate s\u0105 tak\u017ce zbiory s\u0142ownik\u00f3w i encyklopedii. Znaczn\u0105 cz\u0119\u015b\u0107 zbior\u00f3w stanowi ksi\u0119gozbi\u00f3r w j\u0119zyku niemieckim. Najcenniejsz\u0105 pozycj\u0105 jest ksi\u0105\u017cka z XVI wieku pod tytu\u0142em <em>Dictionarum undecim linguam<\/em>. Dyrektorem biblioteki jest ks. dr S\u0142awomir Jeziorski.<\/p>\n\n\n\n<p><strong>Czytelnia<\/strong><\/p>\n\n\n\n<p>Najbardziej poczytne i po\u017cyteczne w studium ksi\u0105\u017cki i s\u0142owniki umieszczone s\u0105 w czytelni. Zebrano i pogrupowano tam niezb\u0119dne pomoce naukowe z wszystkich ka\u017cdej dziedziny wiedzy wchodz\u0105cej w sk\u0142ad studi\u00f3w seminaryjnych: historii Ko\u015bcio\u0142a, patrologii, historii sztuki, filozofii, teologii dogmatycznej, fundamentalnej, moralnej, liturgiki, katechetyki, homiletyki i nauk biblijnych.<\/p>\n\n\n\n<div style=\"height:100px\" aria-hidden=\"true\" class=\"wp-block-spacer\"><\/div>\n","protected":false},"excerpt":{"rendered":"<p>Celem formacji intelektualnej jest przygotowanie alumn\u00f3w do g\u0142\u0119bokiego wnikni\u0119cia w S\u0142owo Bo\u017ce, wzrostu w \u017cyciu duchowym i przygotowanie si\u0119 do wype\u0142niania pos\u0142ugi pasterskiej (por. PDV 51). Alumni Wy\u017cszego Seminarium Duchownego w Rzeszowie s\u0105 studentami Instytutu Wy\u017cszych Studi\u00f3w Teologicznych w Rzeszowie (IWST). Studia w instytucie trwaj\u0105 jedena\u015bcie semestr\u00f3w (5,5 roku). Nale\u017c\u0105 [&hellip;]<\/p>\n","protected":false},"author":16,"featured_media":183,"parent":0,"menu_order":0,"comment_status":"closed","ping_status":"closed","template":"","meta":{"ngg_post_thumbnail":0,"footnotes":""},"class_list":["post-50","page","type-page","status-publish","has-post-thumbnail","hentry"],"_links":{"self":[{"href":"http:\/\/www.wsd.rzeszow.pl\/index.php?rest_route=\/wp\/v2\/pages\/50","targetHints":{"allow":["GET"]}}],"collection":[{"href":"http:\/\/www.wsd.rzeszow.pl\/index.php?rest_route=\/wp\/v2\/pages"}],"about":[{"href":"http:\/\/www.wsd.rzeszow.pl\/index.php?rest_route=\/wp\/v2\/types\/page"}],"author":[{"embeddable":true,"href":"http:\/\/www.wsd.rzeszow.pl\/index.php?rest_route=\/wp\/v2\/users\/16"}],"replies":[{"embeddable":true,"href":"http:\/\/www.wsd.rzeszow.pl\/index.php?rest_route=%2Fwp%2Fv2%2Fcomments&post=50"}],"version-history":[{"count":14,"href":"http:\/\/www.wsd.rzeszow.pl\/index.php?rest_route=\/wp\/v2\/pages\/50\/revisions"}],"predecessor-version":[{"id":14343,"href":"http:\/\/www.wsd.rzeszow.pl\/index.php?rest_route=\/wp\/v2\/pages\/50\/revisions\/14343"}],"wp:featuredmedia":[{"embeddable":true,"href":"http:\/\/www.wsd.rzeszow.pl\/index.php?rest_route=\/wp\/v2\/media\/183"}],"wp:attachment":[{"href":"http:\/\/www.wsd.rzeszow.pl\/index.php?rest_route=%2Fwp%2Fv2%2Fmedia&parent=50"}],"curies":[{"name":"wp","href":"https:\/\/api.w.org\/{rel}","templated":true}]}}