{"id":3605,"date":"2022-04-23T09:40:11","date_gmt":"2022-04-23T09:40:11","guid":{"rendered":"https:\/\/www.wsd.rzeszow.pl\/?page_id=3605"},"modified":"2024-03-08T16:08:12","modified_gmt":"2024-03-08T15:08:12","slug":"etapy-formacji-do-kaplanstwa","status":"publish","type":"page","link":"http:\/\/www.wsd.rzeszow.pl\/?page_id=3605","title":{"rendered":"Etapy formacji do kap\u0142a\u0144stwa"},"content":{"rendered":"\n<p>&#8222;Formacja stanowi proces obejmuj\u0105cy ca\u0142\u0105 osob\u0119 ludzk\u0105 (rozum i wol\u0119, pami\u0119\u0107<br>i wyobra\u017ani\u0119, potrzeby i motywacje, cia\u0142o i dusz\u0119, zmys\u0142y i psychik\u0119, razem z mnogo\u015bci\u0105<br>emocji i uczu\u0107, wra\u017ce\u0144 i impuls\u00f3w, postaw, zachowa\u0144 i sposob\u00f3w bycia), kt\u00f3ra potrzebuje<br>nawracania si\u0119 i przeb\u00f3stwienia, aby upodabniaj\u0105c si\u0119 do Jezusa, mog\u0142a ujawnia\u0107 Boga jako<br><em>agape<\/em> i <em>koinoni\u0119<\/em>. Podstawow\u0105 przestrzeni\u0105 <em>metanoi <\/em>jest to, co zwykli\u015bmy nazywa\u0107 sercem<br>cz\u0142owieka, czyli jego \u201eukryte centrum\u201d i \u201e\u017ar\u00f3d\u0142o czyn\u00f3w\u201d. Przemieniaj\u0105ce si\u0119 serce nabiera<br>\u2013 zw\u0142aszcza w relacjach do bli\u017anich \u2013 nowej wra\u017cliwo\u015bci: duchowej, moralnej, intelektualnej,<br>uczuciowej i estetycznej. Dlatego zasadniczym celem formacji nie mo\u017ce by\u0107 kszta\u0142towanie<br>tego, co zewn\u0119trzne w \u017cyciu i post\u0119powaniu os\u00f3b czy te\u017c koncentrowanie si\u0119 na doskona\u0142o\u015bci wyizolowanej z relacji jednostki, lecz powinno si\u0119 d\u0105\u017cy\u0107 do wewn\u0119trznej przemiany i do<br>przeobra\u017cenia serca osoby&#8221; (<em>Droga formacji prezbiter\u00f3w w Polsce. Ratio institutionis sacerdotalis pro Polonia<\/em> 55).<\/p>\n\n\n\n<p>Wchodz\u0105cy na drog\u0119 formacji do kap\u0142a\u0144stwa rozpoczyna proces <strong>formacji nieustannej<\/strong>, kt\u00f3ra rozpocz\u0119ta czasem pobytu w seminarium trwa a\u017c do \u015bmierci. Droga formacji pocz\u0105tkowej (a zatem czas pobytu w Seminarium) obejmuje <strong>cztery etapy<\/strong>:<\/p>\n\n\n\n<ul class=\"wp-block-list\">\n<li>etap propedeutyczny (rok)<\/li>\n\n\n\n<li>etap stawania si\u0119 uczniem (dwa lata)<\/li>\n\n\n\n<li>etap upodabniania si\u0119 do Chrystusa (trzy lata)<\/li>\n\n\n\n<li>etap pastoralny (rok)<\/li>\n<\/ul>\n","protected":false},"excerpt":{"rendered":"<p>&#8222;Formacja stanowi proces obejmuj\u0105cy ca\u0142\u0105 osob\u0119 ludzk\u0105 (rozum i wol\u0119, pami\u0119\u0107i wyobra\u017ani\u0119, potrzeby i motywacje, cia\u0142o i dusz\u0119, zmys\u0142y i psychik\u0119, razem z mnogo\u015bci\u0105emocji i uczu\u0107, wra\u017ce\u0144 i impuls\u00f3w, postaw, zachowa\u0144 i sposob\u00f3w bycia), kt\u00f3ra potrzebujenawracania si\u0119 i przeb\u00f3stwienia, aby upodabniaj\u0105c si\u0119 do Jezusa, mog\u0142a ujawnia\u0107 Boga jakoagape i koinoni\u0119. [&hellip;]<\/p>\n","protected":false},"author":16,"featured_media":183,"parent":0,"menu_order":0,"comment_status":"closed","ping_status":"closed","template":"","meta":{"ngg_post_thumbnail":0,"footnotes":""},"class_list":["post-3605","page","type-page","status-publish","has-post-thumbnail","hentry"],"_links":{"self":[{"href":"http:\/\/www.wsd.rzeszow.pl\/index.php?rest_route=\/wp\/v2\/pages\/3605","targetHints":{"allow":["GET"]}}],"collection":[{"href":"http:\/\/www.wsd.rzeszow.pl\/index.php?rest_route=\/wp\/v2\/pages"}],"about":[{"href":"http:\/\/www.wsd.rzeszow.pl\/index.php?rest_route=\/wp\/v2\/types\/page"}],"author":[{"embeddable":true,"href":"http:\/\/www.wsd.rzeszow.pl\/index.php?rest_route=\/wp\/v2\/users\/16"}],"replies":[{"embeddable":true,"href":"http:\/\/www.wsd.rzeszow.pl\/index.php?rest_route=%2Fwp%2Fv2%2Fcomments&post=3605"}],"version-history":[{"count":8,"href":"http:\/\/www.wsd.rzeszow.pl\/index.php?rest_route=\/wp\/v2\/pages\/3605\/revisions"}],"predecessor-version":[{"id":14297,"href":"http:\/\/www.wsd.rzeszow.pl\/index.php?rest_route=\/wp\/v2\/pages\/3605\/revisions\/14297"}],"wp:featuredmedia":[{"embeddable":true,"href":"http:\/\/www.wsd.rzeszow.pl\/index.php?rest_route=\/wp\/v2\/media\/183"}],"wp:attachment":[{"href":"http:\/\/www.wsd.rzeszow.pl\/index.php?rest_route=%2Fwp%2Fv2%2Fmedia&parent=3605"}],"curies":[{"name":"wp","href":"https:\/\/api.w.org\/{rel}","templated":true}]}}