{"id":2801,"date":"2021-06-06T08:10:52","date_gmt":"2021-06-06T08:10:52","guid":{"rendered":"https:\/\/www.wsd.rzeszow.pl\/?page_id=2801"},"modified":"2026-02-21T14:36:03","modified_gmt":"2026-02-21T13:36:03","slug":"audycje","status":"publish","type":"page","link":"http:\/\/www.wsd.rzeszow.pl\/?page_id=2801","title":{"rendered":"Audycja &#8222;Rado\u015b\u0107 Powo\u0142ania!&#8221;"},"content":{"rendered":"\n<div class=\"wp-block-columns is-layout-flex wp-container-core-columns-is-layout-28f84493 wp-block-columns-is-layout-flex\">\n<div class=\"wp-block-column is-layout-flow wp-block-column-is-layout-flow\" style=\"flex-basis:100%\">\n<div class=\"wp-block-themeisle-blocks-advanced-columns has-1-columns has-desktop-equal-layout has-tablet-equal-layout has-mobile-equal-layout has-default-gap has-vertical-unset\" id=\"wp-block-themeisle-blocks-advanced-columns-92f23981\"><div class=\"wp-block-themeisle-blocks-advanced-columns-overlay\"><\/div><div class=\"innerblocks-wrap\">\n<div class=\"wp-block-themeisle-blocks-advanced-column\" id=\"wp-block-themeisle-blocks-advanced-column-8d57dca0\">\n<p>Zapraszamy do wys\u0142uchania naszych audycji pt. \u201eRado\u015b\u0107 Powo\u0142ania\u201d, emitowanych w Radiu VIA w ostatni\u0105 niedziele ka\u017cdego miesi\u0105ca. W ka\u017cdym odcinku rozmawiamy z zaproszonymi go\u015b\u0107mi, kt\u00f3rzy przybli\u017caj\u0105 nam swoje prze\u017cywanie bycia powo\u0142anym &#8211; swoj\u0105 rado\u015b\u0107 powo\u0142ania!<\/p>\n<p>Audycje dost\u0119pne poni\u017cej lub na naszych profilach:<\/p>\n<p>YouTube: <a rel=\"noreferrer noopener\" href=\"https:\/\/tiny.pl\/9l7qw?fbclid=IwAR2PQJwosgonfi4Y9ml8RcUpbb64-SYErnzr0un4jozFsGLW7n61DcdAVis\" target=\"_blank\">https:\/\/tiny.pl\/9l7qw<\/a><\/p>\n<p>Spotify: <a rel=\"noreferrer noopener\" href=\"https:\/\/open.spotify.com\/show\/4Be0b1TqfyceAQIffG9xRw\" target=\"_blank\">https:\/\/tiny.pl\/9l7qf<\/a><\/p>\n<p>Google Podcasts:  <a rel=\"noreferrer noopener\" href=\"https:\/\/l.facebook.com\/l.php?u=https%3A%2F%2Ftiny.pl%2F9l7qf%3Ffbclid%3DIwAR10Bk5gJx4K0Gopj5qpeekYXIbTb5yaw5BSFqJtgM4T5_mkLioKCD0JG5s&amp;h=AT3Ary4mRpjdN9lfKoYf7WsdxLhrYTebsnkZh7MT-CvYb5yFqMeocmdwunSITOQk4oFyYKP5eGcV2m8OKadKYphuvuJg7UO_Hb4Os_AbOy5vP6Ws_Kr_S96FUJi75honMxcP&amp;__tn__=-UK-R&amp;c[0]=AT2UVcCckXMxmewrkhsjlQA1csadWN1OgAq3cPDhxK-k-ah3ckPAEgS_6nuGfGcJ_lE800KrskOjTdPG-Uhv-jBqbQgjSHU364S8fPqJWWzJsxzDGLt0-ibLcneKrFSuUwXoBytk9WUJlHIEyeRuMYrkBWRhXkqDxFMBwNuU57uBh1v26OC4109bqsnkLD4MQnQ8c8Lh\" target=\"_blank\"><\/a><a rel=\"noreferrer noopener\" href=\"https:\/\/tiny.pl\/949xj?fbclid=IwAR3ktsbrvkNuGDxiHsTJED8SQ0aqJdZHE5tR8pcHwYoYyVb_xczaoSyeiqE\" target=\"_blank\">https:\/\/tiny.pl\/949xj<\/a><\/p>\n<p>Kolejne odcinki b\u0119d\u0105 pojawia\u0107 si\u0119 co dwa tygodnie. Zapraszamy!<\/p>\n<\/div>\n<\/div><\/div>\n<\/div>\n<\/div>\n\n\n\n<figure class=\"wp-block-embed is-type-rich is-provider-spotify wp-block-embed-spotify\"><div class=\"wp-block-embed__wrapper\">\nhttps:\/\/open.spotify.com\/episode\/3zJNPMHrjImc5KbPIvxBtf\n<\/div><\/figure>\n\n\n\n<figure class=\"wp-block-embed is-type-rich is-provider-spotify wp-block-embed-spotify\"><div class=\"wp-block-embed__wrapper\">\nhttps:\/\/open.spotify.com\/episode\/3oKj9zHolmJzEX84ke1sBN\n<\/div><\/figure>\n\n\n\n<figure class=\"wp-block-embed is-type-rich is-provider-spotify wp-block-embed-spotify\"><div class=\"wp-block-embed__wrapper\">\nhttps:\/\/open.spotify.com\/episode\/0VkmkPY1cy4lb5FF5kEU4i\n<\/div><\/figure>\n\n\n\n<figure class=\"wp-block-embed is-type-rich is-provider-spotify wp-block-embed-spotify wp-embed-aspect-21-9 wp-has-aspect-ratio\"><div class=\"wp-block-embed__wrapper\">\nhttps:\/\/open.spotify.com\/episode\/3EwCcwbMu0EAMPrOhISfQO\n<\/div><\/figure>\n\n\n\n<figure class=\"wp-block-embed is-type-rich is-provider-spotify wp-block-embed-spotify wp-embed-aspect-21-9 wp-has-aspect-ratio\"><div class=\"wp-block-embed__wrapper\">\nhttps:\/\/open.spotify.com\/episode\/00s5Ysuyna4JkILemCHqdb\n<\/div><\/figure>\n\n\n\n<figure class=\"wp-block-embed is-type-rich is-provider-spotify wp-block-embed-spotify wp-embed-aspect-21-9 wp-has-aspect-ratio\"><div class=\"wp-block-embed__wrapper\">\nhttps:\/\/open.spotify.com\/episode\/1j6CZoF9U7l9AdDRQUonuM\n<\/div><\/figure>\n\n\n\n<figure class=\"wp-block-embed is-type-rich is-provider-spotify wp-block-embed-spotify wp-embed-aspect-21-9 wp-has-aspect-ratio\"><div class=\"wp-block-embed__wrapper\">\nhttps:\/\/open.spotify.com\/episode\/5hox5ew6wSzBaGmS5ibBu4?si=1b3ezSRhQ5GodRn9Jt5Pkg\n<\/div><\/figure>\n\n\n\n<figure class=\"wp-block-embed is-type-rich is-provider-spotify wp-block-embed-spotify wp-embed-aspect-21-9 wp-has-aspect-ratio\"><div class=\"wp-block-embed__wrapper\">\nhttps:\/\/open.spotify.com\/episode\/3CFA5vR1d5IwiTXrdtmN2r?si=UfW2J0xqT7OBGngxUXf1AQ\n<\/div><\/figure>\n\n\n\n<p><\/p>\n","protected":false},"excerpt":{"rendered":"<p>Zapraszamy do wys\u0142uchania naszych audycji pt. \u201eRado\u015b\u0107 Powo\u0142ania\u201d, emitowanych w Radiu VIA w ostatni\u0105 niedziele ka\u017cdego miesi\u0105ca. W ka\u017cdym odcinku rozmawiamy z zaproszonymi go\u015b\u0107mi, kt\u00f3rzy przybli\u017caj\u0105 nam swoje prze\u017cywanie bycia powo\u0142anym &#8211; swoj\u0105 rado\u015b\u0107 powo\u0142ania! Audycje dost\u0119pne poni\u017cej lub na naszych profilach: YouTube: https:\/\/tiny.pl\/9l7qw Spotify: https:\/\/tiny.pl\/9l7qf Google Podcasts: https:\/\/tiny.pl\/949xj Kolejne [&hellip;]<\/p>\n","protected":false},"author":16,"featured_media":0,"parent":0,"menu_order":0,"comment_status":"closed","ping_status":"closed","template":"","meta":{"ngg_post_thumbnail":0,"footnotes":""},"class_list":["post-2801","page","type-page","status-publish","hentry"],"_links":{"self":[{"href":"http:\/\/www.wsd.rzeszow.pl\/index.php?rest_route=\/wp\/v2\/pages\/2801","targetHints":{"allow":["GET"]}}],"collection":[{"href":"http:\/\/www.wsd.rzeszow.pl\/index.php?rest_route=\/wp\/v2\/pages"}],"about":[{"href":"http:\/\/www.wsd.rzeszow.pl\/index.php?rest_route=\/wp\/v2\/types\/page"}],"author":[{"embeddable":true,"href":"http:\/\/www.wsd.rzeszow.pl\/index.php?rest_route=\/wp\/v2\/users\/16"}],"replies":[{"embeddable":true,"href":"http:\/\/www.wsd.rzeszow.pl\/index.php?rest_route=%2Fwp%2Fv2%2Fcomments&post=2801"}],"version-history":[{"count":25,"href":"http:\/\/www.wsd.rzeszow.pl\/index.php?rest_route=\/wp\/v2\/pages\/2801\/revisions"}],"predecessor-version":[{"id":21067,"href":"http:\/\/www.wsd.rzeszow.pl\/index.php?rest_route=\/wp\/v2\/pages\/2801\/revisions\/21067"}],"wp:attachment":[{"href":"http:\/\/www.wsd.rzeszow.pl\/index.php?rest_route=%2Fwp%2Fv2%2Fmedia&parent=2801"}],"curies":[{"name":"wp","href":"https:\/\/api.w.org\/{rel}","templated":true}]}}